{"id":2821,"date":"2023-05-09T12:52:42","date_gmt":"2023-05-09T10:52:42","guid":{"rendered":"https:\/\/gcg-groupe.pl\/?post_type=product&#038;p=2821"},"modified":"2026-04-17T11:06:17","modified_gmt":"2026-04-17T09:06:17","slug":"koperty-kurierskie-kartonowe","status":"publish","type":"product","link":"https:\/\/gcg-groupe.pl\/de\/produkt\/koperty-kurierskie-kartonowe\/","title":{"rendered":"Koperty kurierskie kartonowe bia\u0142e"},"content":{"rendered":"<div class=\"wpb_text_column us_custom_1497cdd9\"><\/div>\n<div class=\"w-post-elm post_content\">\n<p>Dost\u0119pne w naszej ofercie <strong>koperty kartonowe <\/strong>maj\u0105 szerokie zastosowanie. Wykorzystuje si\u0119 je do zabezpieczenia, pakowania, segregowania czy te\u017c przechowywania wa\u017cnych dokument\u00f3w, przesy\u0142ek. Koperta jest w\u00a0 kolorze bia\u0142ym, nieprze\u017aroczystym dlatego te\u017c chroni zawarte w niej dokumenty przed odczytaniem przez osoby nieuprawnione. Produkt wykorzystywany w wielu bran\u017cach, w tym m.in. w transporcie, wszelkich firmach wysy\u0142kowych, kurierskich, biurach. Zapewniamy naszym klientom trwa\u0142o\u015b\u0107 i bardzo dobr\u0105 jako\u015b\u0107 materia\u0142u. Do zaklejenia koperty nie potrzeba dodatkowych ta\u015bm klej\u0105cych. W miejscu zamkni\u0119cia umieszczona zosta\u0142a dwustronna ta\u015bma. W celu zaklejenia nale\u017cy oderwa\u0107 foli\u0119 ochronn\u0105.<\/p>\n<p><strong>Jeste\u015bmy producentem kopert kartonowych. Na specjalne zam\u00f3wienie mo\u017cemy zrobi\u0107 indywidualny nadruk np. z logo firmy. W tym celu skontaktuj si\u0119 z nami poprzez e-mail gdzie przygotujemy ofert\u0119 specjalnie dla Ciebie.\u00a0<\/strong><\/p>\n<p>Zaufa\u0142o nam wiele wiod\u0105cych firm kurierskich, zaufaj nam i Ty \ud83d\ude42<\/p>\n<p><strong>W naszym asortymencie posiadamy r\u00f3\u017cne rozmiary oraz gramatury kopert. Podczas sk\u0142adania zam\u00f3wienia wybierz odpowiednie dla siebie.\u00a0<\/strong><\/p>\n<p><strong>Rozmiary:\u00a0<\/strong>125\u00d7125; 122\u00d7232; 155\u00d7210; 175\u00d7240; 230\u00d7320; 230\u00d7324; 240\u00d7335; 250\u00d7350; 265\u00d7190; 270\u00d7378; 300\u00d7400; 340\u00d7265; 355\u00d7255.<\/p>\n<p><strong>Gramatura:<\/strong>\u00a0250 \u2013 350 gr\/m<sup>2<\/sup><\/p>\n<p><strong>Materia\u0142<\/strong>: tektura lita, jednostronnie powlekana<\/p>\n<p><strong>Samoprzylepne zamkni\u0119cie<\/strong><\/p>\n<p><strong>Struna rozrywaj\u0105ca<\/strong><\/p>\n<h2>Koperty kartonowe od producenta<\/h2>\n<p><strong>Produkowane przez GCG Groupe koperty kartonowe<\/strong> wykonane s\u0105 z wysokiej jako\u015bci tektury litej, kt\u00f3ra zapewnia doskona\u0142\u0105 ochron\u0119 zawarto\u015bci. Materia\u0142 ten jest jednostronnie powlekany, co zwi\u0119ksza jego odporno\u015b\u0107 na wilgo\u0107 i uszkodzenia mechaniczne. Dzi\u0119ki temu koperty s\u0105 idealne do przechowywania i transportu dokument\u00f3w oraz innych wa\u017cnych przesy\u0142ek. Aby upewni\u0107 si\u0119, \u017ce list przewozowy nie ulegnie uszkodzeniu, nale\u017cy zapakowa\u0107 go w specjaln\u0105 <span style=\"text-decoration: underline;\"><a href=\"https:\/\/gcg-groupe.pl\/produkt\/przylgi-kurierskie-kangurki-doklejki\/\">kiesze\u0144 foliow\u0105<\/a><\/span>. Koperty tekturowe charakteryzuj\u0105 si\u0119 wieloma zaletami, kt\u00f3re czyni\u0105 je niezast\u0105pionymi w wielu bran\u017cach. Przede wszystkim s\u0105 one niezwykle trwa\u0142e i odporne na rozdarcia, a to jest najlepsz\u0105 gwarancj\u0105 bezpiecze\u0144stwa przesy\u0142ek. Co wi\u0119cej, ich samoprzylepne zamkni\u0119cie u\u0142atwia szybkie i bezproblemowe pakowanie, eliminuj\u0105c potrzeb\u0119 u\u017cycia dodatkowych ta\u015bm klej\u0105cych.<\/p>\n<\/div>\n","protected":false},"excerpt":{"rendered":"<p><strong>\u00a0<\/strong><\/p>\n<p>&nbsp;<\/p>\n<p>&nbsp;<\/p>\n","protected":false},"featured_media":2823,"comment_status":"open","ping_status":"closed","template":"","meta":[],"product_brand":[],"product_cat":[31],"product_tag":[108,107,109,110,111,112,113,114,52,115,53,49,48,50,54,55],"class_list":{"0":"post-2821","1":"product","2":"type-product","3":"status-publish","4":"has-post-thumbnail","6":"product_cat-koperty-kurierskie","7":"product_tag-122x232","8":"product_tag-125x125","9":"product_tag-155x210","10":"product_tag-175x240","11":"product_tag-230x320","12":"product_tag-230x324","13":"product_tag-240x335","14":"product_tag-250x350","15":"product_tag-270x378","16":"product_tag-300x400","17":"product_tag-kartonowe","18":"product_tag-koperta","19":"product_tag-koperty","20":"product_tag-kurier","21":"product_tag-kurierskie","22":"product_tag-wysylka","24":"first","25":"instock","26":"taxable","27":"shipping-taxable","28":"purchasable","29":"product-type-variable"},"yoast_head":"<!-- This site is optimized with the Yoast SEO plugin v26.2 - https:\/\/yoast.com\/wordpress\/plugins\/seo\/ -->\n<title>Koperty kurierskie kartonowe bia\u0142e - GCG Groupe<\/title>\n<meta name=\"description\" content=\"Oferujemy koperty kartonowe z tektury litej, samoprzylepne, w r\u00f3\u017cnych rozmiarach. Koperty tekturowe s\u0105 idealne do zabezpieczania wa\u017cnych dokument\u00f3w.\" \/>\n<meta name=\"robots\" content=\"index, follow, max-snippet:-1, max-image-preview:large, max-video-preview:-1\" \/>\n<link rel=\"canonical\" href=\"https:\/\/gcg-groupe.pl\/produkt\/koperty-kurierskie-kartonowe\/\" \/>\n<meta property=\"og:locale\" content=\"de_DE\" \/>\n<meta property=\"og:type\" content=\"article\" \/>\n<meta property=\"og:title\" content=\"Koperty kurierskie kartonowe bia\u0142e - GCG Groupe\" \/>\n<meta property=\"og:description\" content=\"Oferujemy koperty kartonowe z tektury litej, samoprzylepne, w r\u00f3\u017cnych rozmiarach. Koperty tekturowe s\u0105 idealne do zabezpieczania wa\u017cnych dokument\u00f3w.\" \/>\n<meta property=\"og:url\" content=\"https:\/\/gcg-groupe.pl\/produkt\/koperty-kurierskie-kartonowe\/\" \/>\n<meta property=\"og:site_name\" content=\"GCG Groupe\" \/>\n<meta property=\"article:modified_time\" content=\"2026-04-17T09:06:17+00:00\" \/>\n<meta property=\"og:image\" content=\"https:\/\/gcg-groupe.pl\/wp-content\/uploads\/2023\/05\/12.jpg\" \/>\n\t<meta property=\"og:image:width\" content=\"800\" \/>\n\t<meta property=\"og:image:height\" content=\"533\" \/>\n\t<meta property=\"og:image:type\" content=\"image\/jpeg\" \/>\n<meta name=\"twitter:card\" content=\"summary_large_image\" \/>\n<meta name=\"twitter:label1\" content=\"Gesch\u00e4tzte Lesezeit\" \/>\n\t<meta name=\"twitter:data1\" content=\"2\u00a0Minuten\" \/>\n<script type=\"application\/ld+json\" class=\"yoast-schema-graph\">{\"@context\":\"https:\/\/schema.org\",\"@graph\":[{\"@type\":\"WebPage\",\"@id\":\"https:\/\/gcg-groupe.pl\/produkt\/koperty-kurierskie-kartonowe\/\",\"url\":\"https:\/\/gcg-groupe.pl\/produkt\/koperty-kurierskie-kartonowe\/\",\"name\":\"Koperty kurierskie kartonowe bia\u0142e - GCG Groupe\",\"isPartOf\":{\"@id\":\"https:\/\/gcg-groupe.pl\/#website\"},\"primaryImageOfPage\":{\"@id\":\"https:\/\/gcg-groupe.pl\/produkt\/koperty-kurierskie-kartonowe\/#primaryimage\"},\"image\":{\"@id\":\"https:\/\/gcg-groupe.pl\/produkt\/koperty-kurierskie-kartonowe\/#primaryimage\"},\"thumbnailUrl\":\"https:\/\/gcg-groupe.pl\/wp-content\/uploads\/2023\/05\/12.jpg\",\"datePublished\":\"2023-05-09T10:52:42+00:00\",\"dateModified\":\"2026-04-17T09:06:17+00:00\",\"description\":\"Oferujemy koperty kartonowe z tektury litej, samoprzylepne, w r\u00f3\u017cnych rozmiarach. Koperty tekturowe s\u0105 idealne do zabezpieczania wa\u017cnych dokument\u00f3w.\",\"breadcrumb\":{\"@id\":\"https:\/\/gcg-groupe.pl\/produkt\/koperty-kurierskie-kartonowe\/#breadcrumb\"},\"inLanguage\":\"de\",\"potentialAction\":[{\"@type\":\"ReadAction\",\"target\":[\"https:\/\/gcg-groupe.pl\/produkt\/koperty-kurierskie-kartonowe\/\"]}]},{\"@type\":\"ImageObject\",\"inLanguage\":\"de\",\"@id\":\"https:\/\/gcg-groupe.pl\/produkt\/koperty-kurierskie-kartonowe\/#primaryimage\",\"url\":\"https:\/\/gcg-groupe.pl\/wp-content\/uploads\/2023\/05\/12.jpg\",\"contentUrl\":\"https:\/\/gcg-groupe.pl\/wp-content\/uploads\/2023\/05\/12.jpg\",\"width\":800,\"height\":533,\"caption\":\"12\"},{\"@type\":\"BreadcrumbList\",\"@id\":\"https:\/\/gcg-groupe.pl\/produkt\/koperty-kurierskie-kartonowe\/#breadcrumb\",\"itemListElement\":[{\"@type\":\"ListItem\",\"position\":1,\"name\":\"Strona g\u0142\u00f3wna\",\"item\":\"https:\/\/gcg-groupe.pl\/de\/\"},{\"@type\":\"ListItem\",\"position\":2,\"name\":\"Oferta\",\"item\":\"https:\/\/gcg-groupe.pl\/oferta\/\"},{\"@type\":\"ListItem\",\"position\":3,\"name\":\"Koperty kurierskie kartonowe bia\u0142e\"}]},{\"@type\":\"WebSite\",\"@id\":\"https:\/\/gcg-groupe.pl\/#website\",\"url\":\"https:\/\/gcg-groupe.pl\/\",\"name\":\"GCG Groupe\",\"description\":\"Producent opakowa\u0144 logistycznych\",\"potentialAction\":[{\"@type\":\"SearchAction\",\"target\":{\"@type\":\"EntryPoint\",\"urlTemplate\":\"https:\/\/gcg-groupe.pl\/?s={search_term_string}\"},\"query-input\":{\"@type\":\"PropertyValueSpecification\",\"valueRequired\":true,\"valueName\":\"search_term_string\"}}],\"inLanguage\":\"de\"}]}<\/script>\n<!-- \/ Yoast SEO plugin. -->","yoast_head_json":{"title":"Koperty kurierskie kartonowe bia\u0142e - GCG Groupe","description":"Oferujemy koperty kartonowe z tektury litej, samoprzylepne, w r\u00f3\u017cnych rozmiarach. Koperty tekturowe s\u0105 idealne do zabezpieczania wa\u017cnych dokument\u00f3w.","robots":{"index":"index","follow":"follow","max-snippet":"max-snippet:-1","max-image-preview":"max-image-preview:large","max-video-preview":"max-video-preview:-1"},"canonical":"https:\/\/gcg-groupe.pl\/produkt\/koperty-kurierskie-kartonowe\/","og_locale":"de_DE","og_type":"article","og_title":"Koperty kurierskie kartonowe bia\u0142e - GCG Groupe","og_description":"Oferujemy koperty kartonowe z tektury litej, samoprzylepne, w r\u00f3\u017cnych rozmiarach. Koperty tekturowe s\u0105 idealne do zabezpieczania wa\u017cnych dokument\u00f3w.","og_url":"https:\/\/gcg-groupe.pl\/produkt\/koperty-kurierskie-kartonowe\/","og_site_name":"GCG Groupe","article_modified_time":"2026-04-17T09:06:17+00:00","og_image":[{"width":800,"height":533,"url":"https:\/\/gcg-groupe.pl\/wp-content\/uploads\/2023\/05\/12.jpg","type":"image\/jpeg"}],"twitter_card":"summary_large_image","twitter_misc":{"Gesch\u00e4tzte Lesezeit":"2\u00a0Minuten"},"schema":{"@context":"https:\/\/schema.org","@graph":[{"@type":"WebPage","@id":"https:\/\/gcg-groupe.pl\/produkt\/koperty-kurierskie-kartonowe\/","url":"https:\/\/gcg-groupe.pl\/produkt\/koperty-kurierskie-kartonowe\/","name":"Koperty kurierskie kartonowe bia\u0142e - GCG Groupe","isPartOf":{"@id":"https:\/\/gcg-groupe.pl\/#website"},"primaryImageOfPage":{"@id":"https:\/\/gcg-groupe.pl\/produkt\/koperty-kurierskie-kartonowe\/#primaryimage"},"image":{"@id":"https:\/\/gcg-groupe.pl\/produkt\/koperty-kurierskie-kartonowe\/#primaryimage"},"thumbnailUrl":"https:\/\/gcg-groupe.pl\/wp-content\/uploads\/2023\/05\/12.jpg","datePublished":"2023-05-09T10:52:42+00:00","dateModified":"2026-04-17T09:06:17+00:00","description":"Oferujemy koperty kartonowe z tektury litej, samoprzylepne, w r\u00f3\u017cnych rozmiarach. Koperty tekturowe s\u0105 idealne do zabezpieczania wa\u017cnych dokument\u00f3w.","breadcrumb":{"@id":"https:\/\/gcg-groupe.pl\/produkt\/koperty-kurierskie-kartonowe\/#breadcrumb"},"inLanguage":"de","potentialAction":[{"@type":"ReadAction","target":["https:\/\/gcg-groupe.pl\/produkt\/koperty-kurierskie-kartonowe\/"]}]},{"@type":"ImageObject","inLanguage":"de","@id":"https:\/\/gcg-groupe.pl\/produkt\/koperty-kurierskie-kartonowe\/#primaryimage","url":"https:\/\/gcg-groupe.pl\/wp-content\/uploads\/2023\/05\/12.jpg","contentUrl":"https:\/\/gcg-groupe.pl\/wp-content\/uploads\/2023\/05\/12.jpg","width":800,"height":533,"caption":"12"},{"@type":"BreadcrumbList","@id":"https:\/\/gcg-groupe.pl\/produkt\/koperty-kurierskie-kartonowe\/#breadcrumb","itemListElement":[{"@type":"ListItem","position":1,"name":"Strona g\u0142\u00f3wna","item":"https:\/\/gcg-groupe.pl\/de\/"},{"@type":"ListItem","position":2,"name":"Oferta","item":"https:\/\/gcg-groupe.pl\/oferta\/"},{"@type":"ListItem","position":3,"name":"Koperty kurierskie kartonowe bia\u0142e"}]},{"@type":"WebSite","@id":"https:\/\/gcg-groupe.pl\/#website","url":"https:\/\/gcg-groupe.pl\/","name":"GCG Groupe","description":"Producent opakowa\u0144 logistycznych","potentialAction":[{"@type":"SearchAction","target":{"@type":"EntryPoint","urlTemplate":"https:\/\/gcg-groupe.pl\/?s={search_term_string}"},"query-input":{"@type":"PropertyValueSpecification","valueRequired":true,"valueName":"search_term_string"}}],"inLanguage":"de"}]}},"_links":{"self":[{"href":"https:\/\/gcg-groupe.pl\/de\/wp-json\/wp\/v2\/product\/2821","targetHints":{"allow":["GET"]}}],"collection":[{"href":"https:\/\/gcg-groupe.pl\/de\/wp-json\/wp\/v2\/product"}],"about":[{"href":"https:\/\/gcg-groupe.pl\/de\/wp-json\/wp\/v2\/types\/product"}],"replies":[{"embeddable":true,"href":"https:\/\/gcg-groupe.pl\/de\/wp-json\/wp\/v2\/comments?post=2821"}],"wp:featuredmedia":[{"embeddable":true,"href":"https:\/\/gcg-groupe.pl\/de\/wp-json\/wp\/v2\/media\/2823"}],"wp:attachment":[{"href":"https:\/\/gcg-groupe.pl\/de\/wp-json\/wp\/v2\/media?parent=2821"}],"wp:term":[{"taxonomy":"product_brand","embeddable":true,"href":"https:\/\/gcg-groupe.pl\/de\/wp-json\/wp\/v2\/product_brand?post=2821"},{"taxonomy":"product_cat","embeddable":true,"href":"https:\/\/gcg-groupe.pl\/de\/wp-json\/wp\/v2\/product_cat?post=2821"},{"taxonomy":"product_tag","embeddable":true,"href":"https:\/\/gcg-groupe.pl\/de\/wp-json\/wp\/v2\/product_tag?post=2821"}],"curies":[{"name":"wp","href":"https:\/\/api.w.org\/{rel}","templated":true}]}}