{"id":2936,"date":"2023-06-12T13:26:01","date_gmt":"2023-06-12T11:26:01","guid":{"rendered":"https:\/\/gcg-groupe.pl\/?post_type=product&#038;p=2936"},"modified":"2025-11-03T11:55:08","modified_gmt":"2025-11-03T10:55:08","slug":"przylgi-kurierskie-kangurki-doklejki","status":"publish","type":"product","link":"https:\/\/gcg-groupe.pl\/de\/produkt\/przylgi-kurierskie-kangurki-doklejki\/","title":{"rendered":"Przylgi kurierskie kangurki &#8211; doklejki"},"content":{"rendered":"<p><strong>Przylgi kurierskie<\/strong>, znane tak\u017ce jako kangurki-doklejki, s\u0105 wykonane z przezroczystej folii. Umo\u017cliwiaj\u0105 wygodny i przede wszystkim bezpieczny transport dokument\u00f3w \u2013 faktur, um\u00f3w, instrukcji obs\u0142ugi etc. \u015awietnie sprawdzaj\u0105 si\u0119 r\u00f3wnie\u017c jako kangurki na listy przewozowe. Dzi\u0119ki swoim w\u0142a\u015bciwo\u015bciom przylgi kurierskie chroni\u0105 zawarto\u015b\u0107 przed uszkodzeniami mechanicznymi, wilgoci\u0105 i zanieczyszczeniami. Wyposa\u017cone w samoprzylepny system mocowania zapewniaj\u0105 komfortowe u\u017cytkowanie. Dzi\u0119ki temu, \u017ce folia jest przezroczysta, mo\u017cna z dokumentu zeskanowa\u0107 kod kreskowy, co powoduje, \u017ce przesy\u0142ki nie zostan\u0105 zagubione podczas transportu.<\/p>\n<h2>Kangurki kurierskie na listy przewozowe<\/h2>\n<p>Oferujemy szeroki wyb\u00f3r samoprzylepnych <strong>kopert na listy przewozowe<\/strong>. R\u00f3\u017cnorodne rozmiary pozwalaj\u0105 na dostosowanie przezroczystej koperty ochronnej do wielko\u015bci listu przewozowego, faktury lub innego dokumentu. Do najpopularniejszych rozmiar\u00f3w nale\u017c\u0105 C4 (325&#215;235 mm), C5 (235&#215;175 mm) oraz C6 (175&#215;132 mm). Folia PE, z kt\u00f3rych wykonane s\u0105 nasze przylgi, charakteryzuje si\u0119 wysok\u0105 wytrzyma\u0142o\u015bci\u0105, a mocny klej uniemo\u017cliwia jej oderwanie si\u0119 od koperty, paczki czy palety z towarem. Koperta typu kangurek gwarantuje szczelne zamkni\u0119cie, dzi\u0119ki czemu dokument dotrze do adresata czysty, suchy i nieuszkodzony.<\/p>\n<h2>Kieszenie foliowe<\/h2>\n<p>Stosowanie kieszeni foliowych jest niezb\u0119dne, poniewa\u017c chroni\u0105 dokumenty przed zniszczeniem i umo\u017cliwiaj\u0105 \u0142atwe skanowanie kod\u00f3w kreskowych. Wykorzystywane s\u0105 powszechnie przez firmy kurierskie, punkty pocztowe, a tak\u017ce biura firm i sekretariaty r\u00f3\u017cnorodnych instytucji, sk\u0105d nadawane s\u0105 dokumenty. Oferujemy <strong>kurierskie kieszenie foliowe<\/strong> w paczkach po 100, 500 i 1000 sztuk. Wychodz\u0105c naprzeciw oczekiwaniom klient\u00f3w, stale poszerzamy nasz asortyment o nowe produkty i rozmiary opakowa\u0144. Je\u017celi opr\u00f3cz przylg kurierskich potrzebuj\u0105 Pa\u0144stwo tak\u017ce <span style=\"text-decoration: underline;\"><a href=\"https:\/\/gcg-groupe.pl\/produkt\/koperty-babelkowe\/\">kopert z foli\u0105 b\u0105belkow\u0105<\/a><\/span>, mo\u017cemy dostarczy\u0107 je w jednej przesy\u0142ce. Zapraszamy do kontaktu i z\u0142o\u017cenia zam\u00f3wienia!<\/p>\n","protected":false},"excerpt":{"rendered":"<p>Przylgi kurierskie, znane tak\u017ce jako kangurki-doklejki, s\u0105 wykonane z przezroczystej folii. Umo\u017cliwiaj\u0105 wygodny i przede wszystkim bezpieczny transport dokument\u00f3w \u2013 faktur, um\u00f3w, instrukcji obs\u0142ugi etc. \u015awietnie sprawdzaj\u0105 si\u0119 r\u00f3wnie\u017c jako kangurki na listy przewozowe. Dzi\u0119ki swoim w\u0142a\u015bciwo\u015bciom przylgi kurierskie chroni\u0105 zawarto\u015b\u0107 przed uszkodzeniami mechanicznymi, wilgoci\u0105 i zanieczyszczeniami. Wyposa\u017cone w samoprzylepny system mocowania zapewniaj\u0105 komfortowe u\u017cytkowanie&#8230;.<\/p>\n","protected":false},"featured_media":2941,"comment_status":"open","ping_status":"closed","template":"","meta":[],"product_brand":[],"product_cat":[32],"product_tag":[119,120,121,122,123,118,117,116],"class_list":{"0":"post-2936","1":"product","2":"type-product","3":"status-publish","4":"has-post-thumbnail","6":"product_cat-przylgi-kurierskie","7":"product_tag-c4","8":"product_tag-c5","9":"product_tag-c6","10":"product_tag-c7","11":"product_tag-dl","12":"product_tag-doklejki","13":"product_tag-kangurki","14":"product_tag-przylgi-kurierskie","16":"first","17":"instock","18":"taxable","19":"shipping-taxable","20":"purchasable","21":"product-type-variable"},"yoast_head":"<!-- This site is optimized with the Yoast SEO plugin v26.2 - https:\/\/yoast.com\/wordpress\/plugins\/seo\/ -->\n<title>Przylgi kurierskie kangurki - doklejki - GCG Groupe<\/title>\n<meta name=\"description\" content=\"Oferujemy przylgi kurierskie (kangurki-doklejki) na dokumenty z przezroczystej folii. Kieszenie foliowe chroni\u0105 listy przewozowe przed zniszczeniem.\" \/>\n<meta name=\"robots\" content=\"index, follow, max-snippet:-1, max-image-preview:large, max-video-preview:-1\" \/>\n<link rel=\"canonical\" href=\"https:\/\/gcg-groupe.pl\/produkt\/przylgi-kurierskie-kangurki-doklejki\/\" \/>\n<meta property=\"og:locale\" content=\"de_DE\" \/>\n<meta property=\"og:type\" content=\"article\" \/>\n<meta property=\"og:title\" content=\"Przylgi kurierskie kangurki - doklejki - GCG Groupe\" \/>\n<meta property=\"og:description\" content=\"Oferujemy przylgi kurierskie (kangurki-doklejki) na dokumenty z przezroczystej folii. Kieszenie foliowe chroni\u0105 listy przewozowe przed zniszczeniem.\" \/>\n<meta property=\"og:url\" content=\"https:\/\/gcg-groupe.pl\/produkt\/przylgi-kurierskie-kangurki-doklejki\/\" \/>\n<meta property=\"og:site_name\" content=\"GCG Groupe\" \/>\n<meta property=\"article:modified_time\" content=\"2025-11-03T10:55:08+00:00\" \/>\n<meta property=\"og:image\" content=\"https:\/\/gcg-groupe.pl\/wp-content\/uploads\/2023\/06\/PRZYLGI.png\" \/>\n\t<meta property=\"og:image:width\" content=\"1070\" \/>\n\t<meta property=\"og:image:height\" content=\"800\" \/>\n\t<meta property=\"og:image:type\" content=\"image\/png\" \/>\n<meta name=\"twitter:card\" content=\"summary_large_image\" \/>\n<meta name=\"twitter:label1\" content=\"Gesch\u00e4tzte Lesezeit\" \/>\n\t<meta name=\"twitter:data1\" content=\"2\u00a0Minuten\" \/>\n<script type=\"application\/ld+json\" class=\"yoast-schema-graph\">{\"@context\":\"https:\/\/schema.org\",\"@graph\":[{\"@type\":\"WebPage\",\"@id\":\"https:\/\/gcg-groupe.pl\/produkt\/przylgi-kurierskie-kangurki-doklejki\/\",\"url\":\"https:\/\/gcg-groupe.pl\/produkt\/przylgi-kurierskie-kangurki-doklejki\/\",\"name\":\"Przylgi kurierskie kangurki - doklejki - GCG Groupe\",\"isPartOf\":{\"@id\":\"https:\/\/gcg-groupe.pl\/#website\"},\"primaryImageOfPage\":{\"@id\":\"https:\/\/gcg-groupe.pl\/produkt\/przylgi-kurierskie-kangurki-doklejki\/#primaryimage\"},\"image\":{\"@id\":\"https:\/\/gcg-groupe.pl\/produkt\/przylgi-kurierskie-kangurki-doklejki\/#primaryimage\"},\"thumbnailUrl\":\"https:\/\/gcg-groupe.pl\/wp-content\/uploads\/2023\/06\/PRZYLGI.png\",\"datePublished\":\"2023-06-12T11:26:01+00:00\",\"dateModified\":\"2025-11-03T10:55:08+00:00\",\"description\":\"Oferujemy przylgi kurierskie (kangurki-doklejki) na dokumenty z przezroczystej folii. Kieszenie foliowe chroni\u0105 listy przewozowe przed zniszczeniem.\",\"breadcrumb\":{\"@id\":\"https:\/\/gcg-groupe.pl\/produkt\/przylgi-kurierskie-kangurki-doklejki\/#breadcrumb\"},\"inLanguage\":\"de\",\"potentialAction\":[{\"@type\":\"ReadAction\",\"target\":[\"https:\/\/gcg-groupe.pl\/produkt\/przylgi-kurierskie-kangurki-doklejki\/\"]}]},{\"@type\":\"ImageObject\",\"inLanguage\":\"de\",\"@id\":\"https:\/\/gcg-groupe.pl\/produkt\/przylgi-kurierskie-kangurki-doklejki\/#primaryimage\",\"url\":\"https:\/\/gcg-groupe.pl\/wp-content\/uploads\/2023\/06\/PRZYLGI.png\",\"contentUrl\":\"https:\/\/gcg-groupe.pl\/wp-content\/uploads\/2023\/06\/PRZYLGI.png\",\"width\":1070,\"height\":800,\"caption\":\"PRZYLGI\"},{\"@type\":\"BreadcrumbList\",\"@id\":\"https:\/\/gcg-groupe.pl\/produkt\/przylgi-kurierskie-kangurki-doklejki\/#breadcrumb\",\"itemListElement\":[{\"@type\":\"ListItem\",\"position\":1,\"name\":\"Strona g\u0142\u00f3wna\",\"item\":\"https:\/\/gcg-groupe.pl\/de\/\"},{\"@type\":\"ListItem\",\"position\":2,\"name\":\"Oferta\",\"item\":\"https:\/\/gcg-groupe.pl\/oferta\/\"},{\"@type\":\"ListItem\",\"position\":3,\"name\":\"Przylgi kurierskie kangurki &#8211; doklejki\"}]},{\"@type\":\"WebSite\",\"@id\":\"https:\/\/gcg-groupe.pl\/#website\",\"url\":\"https:\/\/gcg-groupe.pl\/\",\"name\":\"GCG Groupe\",\"description\":\"Producent opakowa\u0144 logistycznych\",\"potentialAction\":[{\"@type\":\"SearchAction\",\"target\":{\"@type\":\"EntryPoint\",\"urlTemplate\":\"https:\/\/gcg-groupe.pl\/?s={search_term_string}\"},\"query-input\":{\"@type\":\"PropertyValueSpecification\",\"valueRequired\":true,\"valueName\":\"search_term_string\"}}],\"inLanguage\":\"de\"}]}<\/script>\n<!-- \/ Yoast SEO plugin. -->","yoast_head_json":{"title":"Przylgi kurierskie kangurki - doklejki - GCG Groupe","description":"Oferujemy przylgi kurierskie (kangurki-doklejki) na dokumenty z przezroczystej folii. Kieszenie foliowe chroni\u0105 listy przewozowe przed zniszczeniem.","robots":{"index":"index","follow":"follow","max-snippet":"max-snippet:-1","max-image-preview":"max-image-preview:large","max-video-preview":"max-video-preview:-1"},"canonical":"https:\/\/gcg-groupe.pl\/produkt\/przylgi-kurierskie-kangurki-doklejki\/","og_locale":"de_DE","og_type":"article","og_title":"Przylgi kurierskie kangurki - doklejki - GCG Groupe","og_description":"Oferujemy przylgi kurierskie (kangurki-doklejki) na dokumenty z przezroczystej folii. Kieszenie foliowe chroni\u0105 listy przewozowe przed zniszczeniem.","og_url":"https:\/\/gcg-groupe.pl\/produkt\/przylgi-kurierskie-kangurki-doklejki\/","og_site_name":"GCG Groupe","article_modified_time":"2025-11-03T10:55:08+00:00","og_image":[{"width":1070,"height":800,"url":"https:\/\/gcg-groupe.pl\/wp-content\/uploads\/2023\/06\/PRZYLGI.png","type":"image\/png"}],"twitter_card":"summary_large_image","twitter_misc":{"Gesch\u00e4tzte Lesezeit":"2\u00a0Minuten"},"schema":{"@context":"https:\/\/schema.org","@graph":[{"@type":"WebPage","@id":"https:\/\/gcg-groupe.pl\/produkt\/przylgi-kurierskie-kangurki-doklejki\/","url":"https:\/\/gcg-groupe.pl\/produkt\/przylgi-kurierskie-kangurki-doklejki\/","name":"Przylgi kurierskie kangurki - doklejki - GCG Groupe","isPartOf":{"@id":"https:\/\/gcg-groupe.pl\/#website"},"primaryImageOfPage":{"@id":"https:\/\/gcg-groupe.pl\/produkt\/przylgi-kurierskie-kangurki-doklejki\/#primaryimage"},"image":{"@id":"https:\/\/gcg-groupe.pl\/produkt\/przylgi-kurierskie-kangurki-doklejki\/#primaryimage"},"thumbnailUrl":"https:\/\/gcg-groupe.pl\/wp-content\/uploads\/2023\/06\/PRZYLGI.png","datePublished":"2023-06-12T11:26:01+00:00","dateModified":"2025-11-03T10:55:08+00:00","description":"Oferujemy przylgi kurierskie (kangurki-doklejki) na dokumenty z przezroczystej folii. Kieszenie foliowe chroni\u0105 listy przewozowe przed zniszczeniem.","breadcrumb":{"@id":"https:\/\/gcg-groupe.pl\/produkt\/przylgi-kurierskie-kangurki-doklejki\/#breadcrumb"},"inLanguage":"de","potentialAction":[{"@type":"ReadAction","target":["https:\/\/gcg-groupe.pl\/produkt\/przylgi-kurierskie-kangurki-doklejki\/"]}]},{"@type":"ImageObject","inLanguage":"de","@id":"https:\/\/gcg-groupe.pl\/produkt\/przylgi-kurierskie-kangurki-doklejki\/#primaryimage","url":"https:\/\/gcg-groupe.pl\/wp-content\/uploads\/2023\/06\/PRZYLGI.png","contentUrl":"https:\/\/gcg-groupe.pl\/wp-content\/uploads\/2023\/06\/PRZYLGI.png","width":1070,"height":800,"caption":"PRZYLGI"},{"@type":"BreadcrumbList","@id":"https:\/\/gcg-groupe.pl\/produkt\/przylgi-kurierskie-kangurki-doklejki\/#breadcrumb","itemListElement":[{"@type":"ListItem","position":1,"name":"Strona g\u0142\u00f3wna","item":"https:\/\/gcg-groupe.pl\/de\/"},{"@type":"ListItem","position":2,"name":"Oferta","item":"https:\/\/gcg-groupe.pl\/oferta\/"},{"@type":"ListItem","position":3,"name":"Przylgi kurierskie kangurki &#8211; doklejki"}]},{"@type":"WebSite","@id":"https:\/\/gcg-groupe.pl\/#website","url":"https:\/\/gcg-groupe.pl\/","name":"GCG Groupe","description":"Producent opakowa\u0144 logistycznych","potentialAction":[{"@type":"SearchAction","target":{"@type":"EntryPoint","urlTemplate":"https:\/\/gcg-groupe.pl\/?s={search_term_string}"},"query-input":{"@type":"PropertyValueSpecification","valueRequired":true,"valueName":"search_term_string"}}],"inLanguage":"de"}]}},"_links":{"self":[{"href":"https:\/\/gcg-groupe.pl\/de\/wp-json\/wp\/v2\/product\/2936","targetHints":{"allow":["GET"]}}],"collection":[{"href":"https:\/\/gcg-groupe.pl\/de\/wp-json\/wp\/v2\/product"}],"about":[{"href":"https:\/\/gcg-groupe.pl\/de\/wp-json\/wp\/v2\/types\/product"}],"replies":[{"embeddable":true,"href":"https:\/\/gcg-groupe.pl\/de\/wp-json\/wp\/v2\/comments?post=2936"}],"wp:featuredmedia":[{"embeddable":true,"href":"https:\/\/gcg-groupe.pl\/de\/wp-json\/wp\/v2\/media\/2941"}],"wp:attachment":[{"href":"https:\/\/gcg-groupe.pl\/de\/wp-json\/wp\/v2\/media?parent=2936"}],"wp:term":[{"taxonomy":"product_brand","embeddable":true,"href":"https:\/\/gcg-groupe.pl\/de\/wp-json\/wp\/v2\/product_brand?post=2936"},{"taxonomy":"product_cat","embeddable":true,"href":"https:\/\/gcg-groupe.pl\/de\/wp-json\/wp\/v2\/product_cat?post=2936"},{"taxonomy":"product_tag","embeddable":true,"href":"https:\/\/gcg-groupe.pl\/de\/wp-json\/wp\/v2\/product_tag?post=2936"}],"curies":[{"name":"wp","href":"https:\/\/api.w.org\/{rel}","templated":true}]}}