{"id":3206,"date":"2023-11-09T14:30:53","date_gmt":"2023-11-09T13:30:53","guid":{"rendered":"https:\/\/gcg-groupe.pl\/?post_type=product&#038;p=3206"},"modified":"2026-01-14T12:20:23","modified_gmt":"2026-01-14T11:20:23","slug":"foliopaki-kurierskie","status":"publish","type":"product","link":"https:\/\/gcg-groupe.pl\/de\/produkt\/foliopaki-kurierskie\/","title":{"rendered":"Foliopaki kurierskie"},"content":{"rendered":"<h2 class=\"h1 \">Foliopaki &#8211; Koperty Kurierskie<\/h2>\n<div id=\"category-description\" class=\"text-muted\">\n<p>Foliopaki &#8211; Koperty kurierskie\u00a0 to lekkie, wytrzyma\u0142e opakowania u\u017cywane g\u0142\u00f3wnie do wysy\u0142ki dokument\u00f3w, ma\u0142ych przedmiot\u00f3w i innych lekkich paczek przez firmy kurierskie. S\u0105 wykonane z tworzywa sztucznego, kt\u00f3ry jest odporny na warunki atmosferyczne i uszkodzenia mechaniczne. Wyposa\u017cone s\u0105 w samoprzylepne paski co zapewnia dodatkowe zabezpieczenie zawarto\u015bci. Ich g\u0142\u00f3wn\u0105 zalet\u0105 jest niska waga i prostota u\u017cycia, co czyni je kosztowo efektywnym rozwi\u0105zaniem dla szybkich i bezpiecznych przesy\u0142ek.<\/p>\n<\/div>\n<h2>Cechy charakterystyczne Foliopak\u00f3w:<\/h2>\n<ul>\n<li><strong>Wytrzyma\u0142o\u015b\u0107:<\/strong> Odporno\u015b\u0107 na uszkodzenia i warunki atmosferyczne dzi\u0119ki materia\u0142owi z polietylenu.<\/li>\n<li><strong>Samoprzylepne zamykanie:<\/strong> Paski klejowe dla lepszej szczelno\u015bci i zabezpieczenia.<\/li>\n<li><strong>Prostota u\u017cycia:<\/strong> Szybko\u015b\u0107 i \u0142atwo\u015b\u0107 w pakowaniu.<\/li>\n<li><strong>Prywatno\u015b\u0107:<\/strong> Materia\u0142 nie jest przezroczysty, co chroni zawarto\u015b\u0107 przed niepo\u017c\u0105danymi spojrzeniami.<\/li>\n<li><strong>Szerokie zastosowanie:<\/strong> Idealne do wysy\u0142ki dokument\u00f3w, odzie\u017cy, akcesori\u00f3w i innych ma\u0142ych przedmiot\u00f3w.<\/li>\n<li><strong>Wodoodporno\u015b\u0107:<\/strong> Odporno\u015b\u0107 na wilgo\u0107 i niewielkie ilo\u015bci wody.<\/li>\n<\/ul>\n","protected":false},"excerpt":{"rendered":"<p>Foliopaki &#8211; Koperty Kurierskie Foliopaki &#8211; Koperty kurierskie\u00a0 to lekkie, wytrzyma\u0142e opakowania u\u017cywane g\u0142\u00f3wnie do wysy\u0142ki dokument\u00f3w, ma\u0142ych przedmiot\u00f3w i innych lekkich paczek przez firmy kurierskie. S\u0105 wykonane z tworzywa sztucznego, kt\u00f3ry jest odporny na warunki atmosferyczne i uszkodzenia mechaniczne. Wyposa\u017cone s\u0105 w samoprzylepne paski co zapewnia dodatkowe zabezpieczenie zawarto\u015bci. Ich g\u0142\u00f3wn\u0105 zalet\u0105 jest niska&#8230;<\/p>\n","protected":false},"featured_media":3210,"comment_status":"open","ping_status":"closed","template":"","meta":[],"product_brand":[],"product_cat":[34],"product_tag":[],"class_list":{"0":"post-3206","1":"product","2":"type-product","3":"status-publish","4":"has-post-thumbnail","6":"product_cat-foliopaki","8":"first","9":"instock","10":"taxable","11":"shipping-taxable","12":"purchasable","13":"product-type-variable","14":"has-default-attributes"},"yoast_head":"<!-- This site is optimized with the Yoast SEO plugin v26.2 - https:\/\/yoast.com\/wordpress\/plugins\/seo\/ -->\n<title>Foliopaki kurierskie, r\u00f3\u017cne rozmiary - GCG Groupe<\/title>\n<meta name=\"robots\" content=\"index, follow, max-snippet:-1, max-image-preview:large, max-video-preview:-1\" \/>\n<link rel=\"canonical\" href=\"https:\/\/gcg-groupe.pl\/produkt\/foliopaki-kurierskie\/\" \/>\n<meta property=\"og:locale\" content=\"de_DE\" \/>\n<meta property=\"og:type\" content=\"article\" \/>\n<meta property=\"og:title\" content=\"Foliopaki kurierskie, r\u00f3\u017cne rozmiary - GCG Groupe\" \/>\n<meta property=\"og:description\" content=\"Foliopaki &#8211; Koperty Kurierskie Foliopaki &#8211; Koperty kurierskie\u00a0 to lekkie, wytrzyma\u0142e opakowania u\u017cywane g\u0142\u00f3wnie do wysy\u0142ki dokument\u00f3w, ma\u0142ych przedmiot\u00f3w i innych lekkich paczek przez firmy kurierskie. S\u0105 wykonane z tworzywa sztucznego, kt\u00f3ry jest odporny na warunki atmosferyczne i uszkodzenia mechaniczne. Wyposa\u017cone s\u0105 w samoprzylepne paski co zapewnia dodatkowe zabezpieczenie zawarto\u015bci. Ich g\u0142\u00f3wn\u0105 zalet\u0105 jest niska...\" \/>\n<meta property=\"og:url\" content=\"https:\/\/gcg-groupe.pl\/produkt\/foliopaki-kurierskie\/\" \/>\n<meta property=\"og:site_name\" content=\"GCG Groupe\" \/>\n<meta property=\"article:modified_time\" content=\"2026-01-14T11:20:23+00:00\" \/>\n<meta property=\"og:image\" content=\"https:\/\/gcg-groupe.pl\/wp-content\/uploads\/2023\/11\/FOLIOPAKI.jpg\" \/>\n\t<meta property=\"og:image:width\" content=\"768\" \/>\n\t<meta property=\"og:image:height\" content=\"768\" \/>\n\t<meta property=\"og:image:type\" content=\"image\/jpeg\" \/>\n<meta name=\"twitter:card\" content=\"summary_large_image\" \/>\n<meta name=\"twitter:label1\" content=\"Gesch\u00e4tzte Lesezeit\" \/>\n\t<meta name=\"twitter:data1\" content=\"1\u00a0Minute\" \/>\n<script type=\"application\/ld+json\" class=\"yoast-schema-graph\">{\"@context\":\"https:\/\/schema.org\",\"@graph\":[{\"@type\":\"WebPage\",\"@id\":\"https:\/\/gcg-groupe.pl\/produkt\/foliopaki-kurierskie\/\",\"url\":\"https:\/\/gcg-groupe.pl\/produkt\/foliopaki-kurierskie\/\",\"name\":\"Foliopaki kurierskie, r\u00f3\u017cne rozmiary - GCG Groupe\",\"isPartOf\":{\"@id\":\"https:\/\/gcg-groupe.pl\/#website\"},\"primaryImageOfPage\":{\"@id\":\"https:\/\/gcg-groupe.pl\/produkt\/foliopaki-kurierskie\/#primaryimage\"},\"image\":{\"@id\":\"https:\/\/gcg-groupe.pl\/produkt\/foliopaki-kurierskie\/#primaryimage\"},\"thumbnailUrl\":\"https:\/\/gcg-groupe.pl\/wp-content\/uploads\/2023\/11\/FOLIOPAKI.jpg\",\"datePublished\":\"2023-11-09T13:30:53+00:00\",\"dateModified\":\"2026-01-14T11:20:23+00:00\",\"breadcrumb\":{\"@id\":\"https:\/\/gcg-groupe.pl\/produkt\/foliopaki-kurierskie\/#breadcrumb\"},\"inLanguage\":\"de\",\"potentialAction\":[{\"@type\":\"ReadAction\",\"target\":[\"https:\/\/gcg-groupe.pl\/produkt\/foliopaki-kurierskie\/\"]}]},{\"@type\":\"ImageObject\",\"inLanguage\":\"de\",\"@id\":\"https:\/\/gcg-groupe.pl\/produkt\/foliopaki-kurierskie\/#primaryimage\",\"url\":\"https:\/\/gcg-groupe.pl\/wp-content\/uploads\/2023\/11\/FOLIOPAKI.jpg\",\"contentUrl\":\"https:\/\/gcg-groupe.pl\/wp-content\/uploads\/2023\/11\/FOLIOPAKI.jpg\",\"width\":768,\"height\":768,\"caption\":\"FOLIOPAKI\"},{\"@type\":\"BreadcrumbList\",\"@id\":\"https:\/\/gcg-groupe.pl\/produkt\/foliopaki-kurierskie\/#breadcrumb\",\"itemListElement\":[{\"@type\":\"ListItem\",\"position\":1,\"name\":\"Strona g\u0142\u00f3wna\",\"item\":\"https:\/\/gcg-groupe.pl\/de\/\"},{\"@type\":\"ListItem\",\"position\":2,\"name\":\"Oferta\",\"item\":\"https:\/\/gcg-groupe.pl\/oferta\/\"},{\"@type\":\"ListItem\",\"position\":3,\"name\":\"Foliopaki kurierskie\"}]},{\"@type\":\"WebSite\",\"@id\":\"https:\/\/gcg-groupe.pl\/#website\",\"url\":\"https:\/\/gcg-groupe.pl\/\",\"name\":\"GCG Groupe\",\"description\":\"Producent opakowa\u0144 logistycznych\",\"potentialAction\":[{\"@type\":\"SearchAction\",\"target\":{\"@type\":\"EntryPoint\",\"urlTemplate\":\"https:\/\/gcg-groupe.pl\/?s={search_term_string}\"},\"query-input\":{\"@type\":\"PropertyValueSpecification\",\"valueRequired\":true,\"valueName\":\"search_term_string\"}}],\"inLanguage\":\"de\"}]}<\/script>\n<!-- \/ Yoast SEO plugin. -->","yoast_head_json":{"title":"Foliopaki kurierskie, r\u00f3\u017cne rozmiary - GCG Groupe","robots":{"index":"index","follow":"follow","max-snippet":"max-snippet:-1","max-image-preview":"max-image-preview:large","max-video-preview":"max-video-preview:-1"},"canonical":"https:\/\/gcg-groupe.pl\/produkt\/foliopaki-kurierskie\/","og_locale":"de_DE","og_type":"article","og_title":"Foliopaki kurierskie, r\u00f3\u017cne rozmiary - GCG Groupe","og_description":"Foliopaki &#8211; Koperty Kurierskie Foliopaki &#8211; Koperty kurierskie\u00a0 to lekkie, wytrzyma\u0142e opakowania u\u017cywane g\u0142\u00f3wnie do wysy\u0142ki dokument\u00f3w, ma\u0142ych przedmiot\u00f3w i innych lekkich paczek przez firmy kurierskie. S\u0105 wykonane z tworzywa sztucznego, kt\u00f3ry jest odporny na warunki atmosferyczne i uszkodzenia mechaniczne. Wyposa\u017cone s\u0105 w samoprzylepne paski co zapewnia dodatkowe zabezpieczenie zawarto\u015bci. Ich g\u0142\u00f3wn\u0105 zalet\u0105 jest niska...","og_url":"https:\/\/gcg-groupe.pl\/produkt\/foliopaki-kurierskie\/","og_site_name":"GCG Groupe","article_modified_time":"2026-01-14T11:20:23+00:00","og_image":[{"width":768,"height":768,"url":"https:\/\/gcg-groupe.pl\/wp-content\/uploads\/2023\/11\/FOLIOPAKI.jpg","type":"image\/jpeg"}],"twitter_card":"summary_large_image","twitter_misc":{"Gesch\u00e4tzte Lesezeit":"1\u00a0Minute"},"schema":{"@context":"https:\/\/schema.org","@graph":[{"@type":"WebPage","@id":"https:\/\/gcg-groupe.pl\/produkt\/foliopaki-kurierskie\/","url":"https:\/\/gcg-groupe.pl\/produkt\/foliopaki-kurierskie\/","name":"Foliopaki kurierskie, r\u00f3\u017cne rozmiary - GCG Groupe","isPartOf":{"@id":"https:\/\/gcg-groupe.pl\/#website"},"primaryImageOfPage":{"@id":"https:\/\/gcg-groupe.pl\/produkt\/foliopaki-kurierskie\/#primaryimage"},"image":{"@id":"https:\/\/gcg-groupe.pl\/produkt\/foliopaki-kurierskie\/#primaryimage"},"thumbnailUrl":"https:\/\/gcg-groupe.pl\/wp-content\/uploads\/2023\/11\/FOLIOPAKI.jpg","datePublished":"2023-11-09T13:30:53+00:00","dateModified":"2026-01-14T11:20:23+00:00","breadcrumb":{"@id":"https:\/\/gcg-groupe.pl\/produkt\/foliopaki-kurierskie\/#breadcrumb"},"inLanguage":"de","potentialAction":[{"@type":"ReadAction","target":["https:\/\/gcg-groupe.pl\/produkt\/foliopaki-kurierskie\/"]}]},{"@type":"ImageObject","inLanguage":"de","@id":"https:\/\/gcg-groupe.pl\/produkt\/foliopaki-kurierskie\/#primaryimage","url":"https:\/\/gcg-groupe.pl\/wp-content\/uploads\/2023\/11\/FOLIOPAKI.jpg","contentUrl":"https:\/\/gcg-groupe.pl\/wp-content\/uploads\/2023\/11\/FOLIOPAKI.jpg","width":768,"height":768,"caption":"FOLIOPAKI"},{"@type":"BreadcrumbList","@id":"https:\/\/gcg-groupe.pl\/produkt\/foliopaki-kurierskie\/#breadcrumb","itemListElement":[{"@type":"ListItem","position":1,"name":"Strona g\u0142\u00f3wna","item":"https:\/\/gcg-groupe.pl\/de\/"},{"@type":"ListItem","position":2,"name":"Oferta","item":"https:\/\/gcg-groupe.pl\/oferta\/"},{"@type":"ListItem","position":3,"name":"Foliopaki kurierskie"}]},{"@type":"WebSite","@id":"https:\/\/gcg-groupe.pl\/#website","url":"https:\/\/gcg-groupe.pl\/","name":"GCG Groupe","description":"Producent opakowa\u0144 logistycznych","potentialAction":[{"@type":"SearchAction","target":{"@type":"EntryPoint","urlTemplate":"https:\/\/gcg-groupe.pl\/?s={search_term_string}"},"query-input":{"@type":"PropertyValueSpecification","valueRequired":true,"valueName":"search_term_string"}}],"inLanguage":"de"}]}},"_links":{"self":[{"href":"https:\/\/gcg-groupe.pl\/de\/wp-json\/wp\/v2\/product\/3206","targetHints":{"allow":["GET"]}}],"collection":[{"href":"https:\/\/gcg-groupe.pl\/de\/wp-json\/wp\/v2\/product"}],"about":[{"href":"https:\/\/gcg-groupe.pl\/de\/wp-json\/wp\/v2\/types\/product"}],"replies":[{"embeddable":true,"href":"https:\/\/gcg-groupe.pl\/de\/wp-json\/wp\/v2\/comments?post=3206"}],"wp:featuredmedia":[{"embeddable":true,"href":"https:\/\/gcg-groupe.pl\/de\/wp-json\/wp\/v2\/media\/3210"}],"wp:attachment":[{"href":"https:\/\/gcg-groupe.pl\/de\/wp-json\/wp\/v2\/media?parent=3206"}],"wp:term":[{"taxonomy":"product_brand","embeddable":true,"href":"https:\/\/gcg-groupe.pl\/de\/wp-json\/wp\/v2\/product_brand?post=3206"},{"taxonomy":"product_cat","embeddable":true,"href":"https:\/\/gcg-groupe.pl\/de\/wp-json\/wp\/v2\/product_cat?post=3206"},{"taxonomy":"product_tag","embeddable":true,"href":"https:\/\/gcg-groupe.pl\/de\/wp-json\/wp\/v2\/product_tag?post=3206"}],"curies":[{"name":"wp","href":"https:\/\/api.w.org\/{rel}","templated":true}]}}