{"id":3362,"date":"2023-03-14T12:58:06","date_gmt":"2023-03-14T11:58:06","guid":{"rendered":"https:\/\/gcg-groupe.pl\/o-firmie\/"},"modified":"2024-05-27T10:38:51","modified_gmt":"2024-05-27T08:38:51","slug":"o-firmie","status":"publish","type":"page","link":"https:\/\/gcg-groupe.pl\/en\/o-firmie\/","title":{"rendered":"About the company"},"content":{"rendered":"<section class=\"l-section wpb_row height_medium color_primary with_slider with_shape\"><div class=\"l-section-slider\"><div class=\"w-slider style_none fit_cover nav_none count_3\"><div class=\"w-slider-h\"><div class=\"royalSlider\"><div class=\"rsContent\"><a class=\"rsImg\" data-rsw=\"1920\" data-rsh=\"500\" href=\"https:\/\/gcg-groupe.pl\/wp-content\/uploads\/2023\/03\/Slider.jpg\"><span data-alt=\"Slider\"><\/span><\/a><\/div><div class=\"rsContent\"><a class=\"rsImg\" data-rsw=\"1920\" data-rsh=\"500\" href=\"https:\/\/gcg-groupe.pl\/wp-content\/uploads\/2023\/03\/slider1.jpg\"><span data-alt=\"slider1\"><\/span><\/a><\/div><div class=\"rsContent\"><a class=\"rsImg\" data-rsw=\"1920\" data-rsh=\"500\" href=\"https:\/\/gcg-groupe.pl\/wp-content\/uploads\/2023\/03\/Printing2.jpg\"><span data-alt=\"Printing2\"><\/span><\/a><\/div><\/div><img decoding=\"async\" src=\"https:\/\/gcg-groupe.pl\/wp-content\/uploads\/2023\/03\/Slider.jpg\" width=\"1920\" height=\"500\" alt=\"Slider\" loading=\"lazy\"><\/div><div class=\"w-slider-json\" onclick='return {&quot;autoScaleSlider&quot;:true,&quot;addActiveClass&quot;:true,&quot;loop&quot;:true,&quot;fadeInLoadedSlide&quot;:false,&quot;slidesSpacing&quot;:0,&quot;imageScalePadding&quot;:0,&quot;numImagesToPreload&quot;:2,&quot;arrowsNav&quot;:false,&quot;arrowsNavAutoHide&quot;:false,&quot;transitionType&quot;:&quot;fade&quot;,&quot;transitionSpeed&quot;:1000,&quot;block&quot;:{&quot;moveEffect&quot;:&quot;none&quot;,&quot;speed&quot;:300},&quot;thumbs&quot;:{&quot;fitInViewport&quot;:false,&quot;firstMargin&quot;:false,&quot;spacing&quot;:4},&quot;controlNavigation&quot;:&quot;none&quot;,&quot;autoplay&quot;:{&quot;enabled&quot;:true,&quot;pauseOnHover&quot;:false,&quot;delay&quot;:5000},&quot;autoScaleSliderWidth&quot;:1920,&quot;autoScaleSliderHeight&quot;:500}'><\/div><\/div><\/div><div class=\"l-section-overlay\" style=\"background:var(--color-content-overlay)\"><\/div><div class=\"l-section-shape type_triangle pos_bottom\" style=\"height:8vmin;\"><svg xmlns=\"http:\/\/www.w3.org\/2000\/svg\" viewBox=\"0 0 64 8\" preserveAspectRatio=\"none\" width=\"100%\" height=\"100%\">\r\n\t<path fill=\"currentColor\" d=\"M64 8 L0 8 L0 0 L32 7.9 L64 0 Z\"\/>\r\n<\/svg><\/div><div class=\"l-section-h i-cf\"><div class=\"g-cols vc_row via_grid cols_1 laptops-cols_inherit tablets-cols_inherit mobiles-cols_1 valign_top type_default stacking_default\"><div class=\"wpb_column vc_column_container\"><div class=\"vc_column-inner\"><div class=\"wpb_text_column\"><div class=\"wpb_wrapper\"><h1 class=\"w-post-elm post_title align_center entry-title color_link_inherit\">Manufacturer of logistics, courier and transport packaging<\/h1>\n<div><\/div>\n<\/div><\/div><div class=\"w-separator size_medium\"><\/div><\/div><\/div><\/div><\/div><\/section><section class=\"l-section wpb_row height_medium\"><div class=\"l-section-h i-cf\"><div class=\"g-cols vc_row via_grid cols_1 laptops-cols_inherit tablets-cols_inherit mobiles-cols_1 valign_top type_default stacking_default\"><div class=\"wpb_column vc_column_container\"><div class=\"vc_column-inner\"><div class=\"w-image align_center\"><div class=\"w-image-h\"><img decoding=\"async\" width=\"1024\" height=\"213\" src=\"https:\/\/gcg-groupe.pl\/wp-content\/uploads\/2023\/06\/grafika-projekt-1024x213.jpg\" class=\"attachment-large size-large\" alt=\"grafika projekt\" loading=\"lazy\" srcset=\"https:\/\/gcg-groupe.pl\/wp-content\/uploads\/2023\/06\/grafika-projekt-1024x213.jpg 1024w, https:\/\/gcg-groupe.pl\/wp-content\/uploads\/2023\/06\/grafika-projekt-300x62.jpg 300w, https:\/\/gcg-groupe.pl\/wp-content\/uploads\/2023\/06\/grafika-projekt-1320x274.jpg 1320w, https:\/\/gcg-groupe.pl\/wp-content\/uploads\/2023\/06\/grafika-projekt-600x125.jpg 600w, https:\/\/gcg-groupe.pl\/wp-content\/uploads\/2023\/06\/grafika-projekt.jpg 1386w\" sizes=\"auto, (max-width: 1024px) 100vw, 1024px\" \/><\/div><\/div><div class=\"wpb_text_column\"><div class=\"wpb_wrapper\"><p>&#8220;GCG GROUPE&#8221; SP\u00d3\u0141KA Z OGRANICZON\u0104 ODPOWIEDZIALNO\u015aCI\u0104 is implementing a project co-financed by European Funds entitled &#8220;Introduction of cardboard packaging with microbicidal properties to the offer of the Company GCG Groupe&#8221;.<\/p>\n<p>The aim of the project is to increase the level of competitiveness and innovation of the GCG Groupe Company. This will be achieved through the introduction of new products to the offer, so far not offered by the market.<\/p>\n<p>The implementation of the project will allow the Company to introduce new products in the form of cardboard packaging (including, in particular, courier envelopes) with innovative properties not previously offered on the market. The new products will be coated with a specially developed multifunctional modifying layer based on printing powder and micrometric titanium oxide, which will give them antiviral properties and thus affect the safety of those who come into contact with the products (consumers, retailers, logistics and production employees).<\/p>\n<p>&nbsp;<\/p>\n<p>The total value of the project is PLN 2,023,350.00 of which the contribution of European Funds is PLN 884,125.00<\/p>\n<\/div><\/div><\/div><\/div><\/div><\/div><\/section><section class=\"l-section wpb_row height_medium\"><div class=\"l-section-h i-cf\"><div class=\"g-cols vc_row via_grid cols_2 laptops-cols_inherit tablets-cols_inherit mobiles-cols_1 valign_middle type_default stacking_default\"><div class=\"wpb_column vc_column_container\"><div class=\"vc_column-inner\"><div class=\"w-separator size_medium\"><\/div><div class=\"w-image align_none\"><div class=\"w-image-h\"><img decoding=\"async\" width=\"1024\" height=\"716\" src=\"https:\/\/gcg-groupe.pl\/wp-content\/uploads\/2023\/03\/koperty-na-paczki-gotowe-do-wysylki-do-klienta-na-stole-w-domowym-biurze-1024x716.jpg\" class=\"attachment-large size-large\" alt=\"koperty na paczki gotowe do wysylki do klienta na stole w domowym biurze scaled\" loading=\"lazy\" srcset=\"https:\/\/gcg-groupe.pl\/wp-content\/uploads\/2023\/03\/koperty-na-paczki-gotowe-do-wysylki-do-klienta-na-stole-w-domowym-biurze-1024x716.jpg 1024w, https:\/\/gcg-groupe.pl\/wp-content\/uploads\/2023\/03\/koperty-na-paczki-gotowe-do-wysylki-do-klienta-na-stole-w-domowym-biurze-300x210.jpg 300w, https:\/\/gcg-groupe.pl\/wp-content\/uploads\/2023\/03\/koperty-na-paczki-gotowe-do-wysylki-do-klienta-na-stole-w-domowym-biurze-600x419.jpg 600w\" sizes=\"auto, (max-width: 1024px) 100vw, 1024px\" \/><\/div><\/div><\/div><\/div><div class=\"wpb_column vc_column_container us_custom_c4a107f8\"><div class=\"vc_column-inner\"><div class=\"wpb_text_column us_custom_c8845a88\"><div class=\"wpb_wrapper\"><h2>Many years of experience<\/h2>\n<\/div><\/div><div class=\"w-image us_custom_ed6c4d08 align_left\"><div class=\"w-image-h\"><img decoding=\"async\" width=\"205\" height=\"41\" src=\"https:\/\/gcg-groupe.pl\/wp-content\/uploads\/2023\/03\/UnderlineBrushFill90.png\" class=\"attachment-large size-large\" alt=\"UnderlineBrushFill90\" loading=\"lazy\" \/><\/div><\/div><div class=\"w-separator size_custom\" style=\"height:0.5rem\"><\/div><div class=\"wpb_text_column\"><div class=\"wpb_wrapper\"><p>GCG Groupe is a company that has been on the market since 2006, meeting the needs of customers looking for a secure way to ship documents and goods. We are one of the largest manufacturers of all kinds of logistics, courier and transport packaging in Poland. Our headquarters are located in Warsaw, while our production facility is located in Kotlowo in the West Pomeranian Voivodeship.<\/p>\n<p>Among the items we create are cardboard envelopes and labels. The production division is equipped with high-tech machinery. We make logistics, courier and transport packaging using the highest quality materials.<\/p>\n<p>Our employees are people with many years of experience in the paper industry, who are familiar with current trends and market requirements. As a result, we offer products that are not only environmentally friendly, but also innovative and tailored to individual customer needs. All these years of existence in the market have already given us positive feedback among courier companies in Poland and abroad. As a manufacturer of logistics and transport packaging, we ensure that our solutions meet the highest safety standards.<\/p>\n<\/div><\/div><\/div><\/div><\/div><\/div><\/section><section class=\"l-section wpb_row us_custom_19737bc8 height_medium full_height valign_center\"><div class=\"l-section-h i-cf\"><div class=\"g-cols vc_row via_grid cols_1 laptops-cols_inherit tablets-cols_inherit mobiles-cols_1 valign_top type_default stacking_default\"><div class=\"wpb_column vc_column_container\"><div class=\"vc_column-inner\"><div class=\"wpb_text_column us_custom_c8845a88\"><div class=\"wpb_wrapper\"><h2>Sales coverage<\/h2>\n<\/div><\/div><div class=\"w-image us_custom_ed6c4d08 align_left\"><div class=\"w-image-h\"><img decoding=\"async\" width=\"205\" height=\"41\" src=\"https:\/\/gcg-groupe.pl\/wp-content\/uploads\/2023\/03\/UnderlineBrushFill90.png\" class=\"attachment-large size-large\" alt=\"UnderlineBrushFill90\" loading=\"lazy\" \/><\/div><\/div><div class=\"w-separator size_custom with_line width_screen thick_1 style_solid color_border align_center\" style=\"height:0.5rem\"><div class=\"w-separator-h\"><\/div><\/div><div class=\"w-html\"><iframe loading=\"lazy\" src=\"https:\/\/www.google.com\/maps\/d\/embed?mid=1MyF2naiWmiPPTzZrS8djXY_WmrKdWu0&ehbc=2E312F\" width=\"100%\" height=\"480\"><\/iframe><\/div><\/div><\/div><\/div><\/div><\/section><section class=\"l-section wpb_row us_custom_19737bc8 height_medium\"><div class=\"l-section-h i-cf\"><div class=\"g-cols vc_row via_grid cols_1 laptops-cols_inherit tablets-cols_inherit mobiles-cols_1 valign_top type_default stacking_default\"><div class=\"wpb_column vc_column_container\"><div class=\"vc_column-inner\"><div class=\"wpb_text_column us_custom_c8845a88\"><div class=\"wpb_wrapper\"><h2>Our customers<\/h2>\n<\/div><\/div><div class=\"w-image us_custom_ed6c4d08 align_left\"><div class=\"w-image-h\"><img decoding=\"async\" width=\"205\" height=\"41\" src=\"https:\/\/gcg-groupe.pl\/wp-content\/uploads\/2023\/03\/UnderlineBrushFill90.png\" class=\"attachment-large size-large\" alt=\"UnderlineBrushFill90\" loading=\"lazy\" \/><\/div><\/div><div class=\"w-separator size_custom\" style=\"height:0.5rem\"><\/div><\/div><\/div><\/div><\/div><\/section><section class=\"l-section wpb_row us_custom_887a049b height_small\"><div class=\"l-section-h i-cf\"><div class=\"g-cols vc_row via_grid cols_1 laptops-cols_inherit tablets-cols_inherit mobiles-cols_1 valign_top type_default stacking_default\"><div class=\"wpb_column vc_column_container\"><div class=\"vc_column-inner\"><div class=\"w-grid type_carousel layout_gallery_default preload_style_spinner items_4\" id=\"us_grid_1\" style=\"--items:4;--gap:4rem;\"><style>.layout_gallery_default .w-grid-item-h{}<\/style><div class=\"w-grid-list owl-carousel valign_stretch dotstyle_circle navstyle_circle navpos_outside owl-responsive-2000\" style=\"--transition-duration:350ms;\">\t<article class=\"w-grid-item post-3089 attachment type-attachment status-inherit hentry\" data-id=\"3089\">\r\n\t\t<div class=\"w-grid-item-h\">\r\n\t\t\t\t\t\t<div class=\"w-post-elm post_image usg_post_image_1 stretched\"><img loading=\"lazy\" decoding=\"async\" width=\"250\" height=\"250\" src=\"https:\/\/gcg-groupe.pl\/wp-content\/uploads\/2023\/03\/ups-bg.png\" class=\"attachment-large size-large\" alt=\"ups bg\" srcset=\"https:\/\/gcg-groupe.pl\/wp-content\/uploads\/2023\/03\/ups-bg.png 250w, https:\/\/gcg-groupe.pl\/wp-content\/uploads\/2023\/03\/ups-bg-150x150.png 150w\" sizes=\"auto, (max-width: 250px) 100vw, 250px\" \/><\/div>\t\t<\/div>\r\n\t\t\t<\/article>\r\n\t<article class=\"w-grid-item post-3087 attachment type-attachment status-inherit hentry\" data-id=\"3087\">\r\n\t\t<div class=\"w-grid-item-h\">\r\n\t\t\t\t\t\t<div class=\"w-post-elm post_image usg_post_image_1 stretched\"><img loading=\"lazy\" decoding=\"async\" width=\"250\" height=\"250\" src=\"https:\/\/gcg-groupe.pl\/wp-content\/uploads\/2023\/03\/gls-bg.png\" class=\"attachment-large size-large\" alt=\"gls bg\" srcset=\"https:\/\/gcg-groupe.pl\/wp-content\/uploads\/2023\/03\/gls-bg.png 250w, https:\/\/gcg-groupe.pl\/wp-content\/uploads\/2023\/03\/gls-bg-150x150.png 150w\" sizes=\"auto, (max-width: 250px) 100vw, 250px\" \/><\/div>\t\t<\/div>\r\n\t\t\t<\/article>\r\n\t<article class=\"w-grid-item post-3086 attachment type-attachment status-inherit hentry\" data-id=\"3086\">\r\n\t\t<div class=\"w-grid-item-h\">\r\n\t\t\t\t\t\t<div class=\"w-post-elm post_image usg_post_image_1 stretched\"><img loading=\"lazy\" decoding=\"async\" width=\"250\" height=\"250\" src=\"https:\/\/gcg-groupe.pl\/wp-content\/uploads\/2023\/03\/poczta-polska-bg.png\" class=\"attachment-large size-large\" alt=\"poczta polska bg\" srcset=\"https:\/\/gcg-groupe.pl\/wp-content\/uploads\/2023\/03\/poczta-polska-bg.png 250w, https:\/\/gcg-groupe.pl\/wp-content\/uploads\/2023\/03\/poczta-polska-bg-150x150.png 150w\" sizes=\"auto, (max-width: 250px) 100vw, 250px\" \/><\/div>\t\t<\/div>\r\n\t\t\t<\/article>\r\n\t<article class=\"w-grid-item post-3085 attachment type-attachment status-inherit hentry\" data-id=\"3085\">\r\n\t\t<div class=\"w-grid-item-h\">\r\n\t\t\t\t\t\t<div class=\"w-post-elm post_image usg_post_image_1 stretched\"><img loading=\"lazy\" decoding=\"async\" width=\"250\" height=\"250\" src=\"https:\/\/gcg-groupe.pl\/wp-content\/uploads\/2023\/03\/Fedex-bg.png\" class=\"attachment-large size-large\" alt=\"Fedex bg\" srcset=\"https:\/\/gcg-groupe.pl\/wp-content\/uploads\/2023\/03\/Fedex-bg.png 250w, https:\/\/gcg-groupe.pl\/wp-content\/uploads\/2023\/03\/Fedex-bg-150x150.png 150w\" sizes=\"auto, (max-width: 250px) 100vw, 250px\" \/><\/div>\t\t<\/div>\r\n\t\t\t<\/article>\r\n<\/div>\t<div class=\"g-preloader type_1\">\r\n\t\t<div><\/div>\r\n\t<\/div>\r\n\t\t<div class=\"w-grid-json hidden\" onclick='return {&quot;action&quot;:&quot;us_ajax_grid&quot;,&quot;infinite_scroll&quot;:0,&quot;max_num_pages&quot;:1,&quot;pagination&quot;:&quot;none&quot;,&quot;template_vars&quot;:{&quot;columns&quot;:&quot;&quot;,&quot;exclude_items&quot;:&quot;none&quot;,&quot;img_size&quot;:&quot;default&quot;,&quot;ignore_items_size&quot;:0,&quot;items_layout&quot;:&quot;gallery_default&quot;,&quot;items_offset&quot;:&quot;0px&quot;,&quot;load_animation&quot;:&quot;none&quot;,&quot;overriding_link&quot;:&quot;{\\&quot;url\\&quot;:\\&quot;\\&quot;}&quot;,&quot;post_id&quot;:0,&quot;query_args&quot;:{&quot;post_type&quot;:[&quot;attachment&quot;],&quot;post__in&quot;:[&quot;2360&quot;,&quot;2358&quot;,&quot;2357&quot;,&quot;2356&quot;],&quot;post_status&quot;:&quot;inherit&quot;,&quot;post_mime_type&quot;:&quot;image&quot;,&quot;posts_per_page&quot;:&quot;4&quot;},&quot;orderby_query_args&quot;:{&quot;orderby&quot;:{&quot;date&quot;:&quot;DESC&quot;}},&quot;type&quot;:&quot;carousel&quot;,&quot;us_grid_post_type&quot;:&quot;attachment&quot;,&quot;us_grid_ajax_index&quot;:1,&quot;us_grid_filter_query_string&quot;:null,&quot;us_grid_index&quot;:1,&quot;page_args&quot;:[],&quot;lang&quot;:&quot;en&quot;},&quot;carousel_settings&quot;:{&quot;aria_labels&quot;:{&quot;prev&quot;:&quot;Previous&quot;,&quot;next&quot;:&quot;Next&quot;},&quot;autoplayContinual&quot;:true,&quot;autoplayHoverPause&quot;:false,&quot;autoplayTimeout&quot;:3000,&quot;autoWidth&quot;:false,&quot;smartSpeed&quot;:350,&quot;margin&quot;:0,&quot;mouseDrag&quot;:true,&quot;rtl&quot;:false,&quot;slideBy&quot;:&quot;1&quot;,&quot;touchDrag&quot;:true,&quot;slideTransition&quot;:&quot;&quot;,&quot;responsive&quot;:{&quot;0&quot;:{&quot;autoHeight&quot;:false,&quot;autoplay&quot;:true,&quot;autoWidth&quot;:false,&quot;center&quot;:false,&quot;dots&quot;:false,&quot;items&quot;:2,&quot;loop&quot;:true,&quot;nav&quot;:false,&quot;stagePadding&quot;:0,&quot;slideBy&quot;:&quot;1&quot;},&quot;769&quot;:{&quot;autoHeight&quot;:false,&quot;autoplay&quot;:true,&quot;autoWidth&quot;:false,&quot;center&quot;:false,&quot;dots&quot;:false,&quot;items&quot;:2,&quot;loop&quot;:true,&quot;nav&quot;:false,&quot;stagePadding&quot;:0,&quot;slideBy&quot;:&quot;1&quot;},&quot;1025&quot;:{&quot;autoHeight&quot;:false,&quot;autoplay&quot;:true,&quot;autoWidth&quot;:false,&quot;center&quot;:false,&quot;dots&quot;:false,&quot;items&quot;:3,&quot;loop&quot;:true,&quot;nav&quot;:false,&quot;stagePadding&quot;:0,&quot;slideBy&quot;:&quot;1&quot;},&quot;1281&quot;:{&quot;items&quot;:4,&quot;autoplay&quot;:true,&quot;center&quot;:false,&quot;dots&quot;:false,&quot;nav&quot;:false,&quot;autoHeight&quot;:false,&quot;autoWidth&quot;:false,&quot;loop&quot;:false,&quot;stagePadding&quot;:0}}}}'><\/div>\r\n\t<\/div><\/div><\/div><\/div><\/div><\/section><section class=\"l-section wpb_row us_custom_e4eb24e1 height_medium\"><div class=\"l-section-h i-cf\"><div class=\"g-cols vc_row via_grid cols_1 laptops-cols_inherit tablets-cols_inherit mobiles-cols_1 valign_top type_default stacking_default\"><div class=\"wpb_column vc_column_container\"><div class=\"vc_column-inner\"><div class=\"g-cols wpb_row via_grid cols_1-3 laptops-cols_inherit tablets-cols_inherit mobiles-cols_1 valign_top type_default stacking_default\" style=\"--columns-gap:3rem;\"><div class=\"wpb_column vc_column_container\"><div class=\"vc_column-inner\"><div class=\"wpb_text_column us_custom_49ef9c0b has_text_color\"><div class=\"wpb_wrapper\"><h3>Market<br \/>\nprinting<\/h3>\n<\/div><\/div><\/div><\/div><div class=\"wpb_column vc_column_container\"><div class=\"vc_column-inner\"><div class=\"wpb_text_column\"><div class=\"wpb_wrapper\"><p>The printing market is rich with offers from many companies. Competition is high, so we make every effort to improve our products every day. We participate in organized trade fairs to get to know our competitors, learn new technologies and get first places on the lists of companies in the industry.<\/p>\n<p>We cordially invite you to take advantage of Our offer!<\/p>\n<\/div><\/div><\/div><\/div><\/div><\/div><\/div><\/div><\/div><\/section>\n","protected":false},"excerpt":{"rendered":"Fedex bg","protected":false},"author":2,"featured_media":0,"parent":0,"menu_order":0,"comment_status":"closed","ping_status":"closed","template":"","meta":{"footnotes":""},"class_list":["post-3362","page","type-page","status-publish","hentry"],"yoast_head":"<!-- This site is optimized with the Yoast SEO plugin v26.2 - https:\/\/yoast.com\/wordpress\/plugins\/seo\/ -->\n<title>Producent opakowa\u0144 logistycznych, kurierskich, transportowych - GCG Groupe<\/title>\n<meta name=\"description\" content=\"Dowiedz si\u0119 wi\u0119cej o GCG Groupe, producencie opakowa\u0144 logistycznych, kurierskich i transportowych. Zapewniamy innowacyjne rozwi\u0105zania dla Twojej firmy. Zainteresowany? Sprawd\u017a teraz!\" \/>\n<meta name=\"robots\" content=\"index, follow, max-snippet:-1, max-image-preview:large, max-video-preview:-1\" \/>\n<link rel=\"canonical\" href=\"https:\/\/gcg-groupe.pl\/en\/o-firmie\/\" \/>\n<meta property=\"og:locale\" content=\"en_US\" \/>\n<meta property=\"og:type\" content=\"article\" \/>\n<meta property=\"og:title\" content=\"Producent opakowa\u0144 logistycznych, kurierskich, transportowych - GCG Groupe\" \/>\n<meta property=\"og:description\" content=\"Dowiedz si\u0119 wi\u0119cej o GCG Groupe, producencie opakowa\u0144 logistycznych, kurierskich i transportowych. Zapewniamy innowacyjne rozwi\u0105zania dla Twojej firmy. Zainteresowany? Sprawd\u017a teraz!\" \/>\n<meta property=\"og:url\" content=\"https:\/\/gcg-groupe.pl\/en\/o-firmie\/\" \/>\n<meta property=\"og:site_name\" content=\"GCG Groupe\" \/>\n<meta property=\"article:modified_time\" content=\"2024-05-27T08:38:51+00:00\" \/>\n<meta name=\"twitter:card\" content=\"summary_large_image\" \/>\n<meta name=\"twitter:label1\" content=\"Est. reading time\" \/>\n\t<meta name=\"twitter:data1\" content=\"3 minutes\" \/>\n<script type=\"application\/ld+json\" class=\"yoast-schema-graph\">{\"@context\":\"https:\/\/schema.org\",\"@graph\":[{\"@type\":\"WebPage\",\"@id\":\"https:\/\/gcg-groupe.pl\/en\/o-firmie\/\",\"url\":\"https:\/\/gcg-groupe.pl\/en\/o-firmie\/\",\"name\":\"Producent opakowa\u0144 logistycznych, kurierskich, transportowych - GCG Groupe\",\"isPartOf\":{\"@id\":\"https:\/\/gcg-groupe.pl\/#website\"},\"datePublished\":\"2023-03-14T11:58:06+00:00\",\"dateModified\":\"2024-05-27T08:38:51+00:00\",\"description\":\"Dowiedz si\u0119 wi\u0119cej o GCG Groupe, producencie opakowa\u0144 logistycznych, kurierskich i transportowych. Zapewniamy innowacyjne rozwi\u0105zania dla Twojej firmy. Zainteresowany? Sprawd\u017a teraz!\",\"breadcrumb\":{\"@id\":\"https:\/\/gcg-groupe.pl\/en\/o-firmie\/#breadcrumb\"},\"inLanguage\":\"en-US\",\"potentialAction\":[{\"@type\":\"ReadAction\",\"target\":[\"https:\/\/gcg-groupe.pl\/en\/o-firmie\/\"]}]},{\"@type\":\"BreadcrumbList\",\"@id\":\"https:\/\/gcg-groupe.pl\/en\/o-firmie\/#breadcrumb\",\"itemListElement\":[{\"@type\":\"ListItem\",\"position\":1,\"name\":\"Strona g\u0142\u00f3wna\",\"item\":\"https:\/\/gcg-groupe.pl\/en\/\"},{\"@type\":\"ListItem\",\"position\":2,\"name\":\"About the company\"}]},{\"@type\":\"WebSite\",\"@id\":\"https:\/\/gcg-groupe.pl\/#website\",\"url\":\"https:\/\/gcg-groupe.pl\/\",\"name\":\"GCG Groupe\",\"description\":\"Producent opakowa\u0144 logistycznych\",\"potentialAction\":[{\"@type\":\"SearchAction\",\"target\":{\"@type\":\"EntryPoint\",\"urlTemplate\":\"https:\/\/gcg-groupe.pl\/?s={search_term_string}\"},\"query-input\":{\"@type\":\"PropertyValueSpecification\",\"valueRequired\":true,\"valueName\":\"search_term_string\"}}],\"inLanguage\":\"en-US\"}]}<\/script>\n<!-- \/ Yoast SEO plugin. -->","yoast_head_json":{"title":"Producent opakowa\u0144 logistycznych, kurierskich, transportowych - GCG Groupe","description":"Dowiedz si\u0119 wi\u0119cej o GCG Groupe, producencie opakowa\u0144 logistycznych, kurierskich i transportowych. Zapewniamy innowacyjne rozwi\u0105zania dla Twojej firmy. Zainteresowany? Sprawd\u017a teraz!","robots":{"index":"index","follow":"follow","max-snippet":"max-snippet:-1","max-image-preview":"max-image-preview:large","max-video-preview":"max-video-preview:-1"},"canonical":"https:\/\/gcg-groupe.pl\/en\/o-firmie\/","og_locale":"en_US","og_type":"article","og_title":"Producent opakowa\u0144 logistycznych, kurierskich, transportowych - GCG Groupe","og_description":"Dowiedz si\u0119 wi\u0119cej o GCG Groupe, producencie opakowa\u0144 logistycznych, kurierskich i transportowych. Zapewniamy innowacyjne rozwi\u0105zania dla Twojej firmy. Zainteresowany? Sprawd\u017a teraz!","og_url":"https:\/\/gcg-groupe.pl\/en\/o-firmie\/","og_site_name":"GCG Groupe","article_modified_time":"2024-05-27T08:38:51+00:00","twitter_card":"summary_large_image","twitter_misc":{"Est. reading time":"3 minutes"},"schema":{"@context":"https:\/\/schema.org","@graph":[{"@type":"WebPage","@id":"https:\/\/gcg-groupe.pl\/en\/o-firmie\/","url":"https:\/\/gcg-groupe.pl\/en\/o-firmie\/","name":"Producent opakowa\u0144 logistycznych, kurierskich, transportowych - GCG Groupe","isPartOf":{"@id":"https:\/\/gcg-groupe.pl\/#website"},"datePublished":"2023-03-14T11:58:06+00:00","dateModified":"2024-05-27T08:38:51+00:00","description":"Dowiedz si\u0119 wi\u0119cej o GCG Groupe, producencie opakowa\u0144 logistycznych, kurierskich i transportowych. Zapewniamy innowacyjne rozwi\u0105zania dla Twojej firmy. Zainteresowany? Sprawd\u017a teraz!","breadcrumb":{"@id":"https:\/\/gcg-groupe.pl\/en\/o-firmie\/#breadcrumb"},"inLanguage":"en-US","potentialAction":[{"@type":"ReadAction","target":["https:\/\/gcg-groupe.pl\/en\/o-firmie\/"]}]},{"@type":"BreadcrumbList","@id":"https:\/\/gcg-groupe.pl\/en\/o-firmie\/#breadcrumb","itemListElement":[{"@type":"ListItem","position":1,"name":"Strona g\u0142\u00f3wna","item":"https:\/\/gcg-groupe.pl\/en\/"},{"@type":"ListItem","position":2,"name":"About the company"}]},{"@type":"WebSite","@id":"https:\/\/gcg-groupe.pl\/#website","url":"https:\/\/gcg-groupe.pl\/","name":"GCG Groupe","description":"Producent opakowa\u0144 logistycznych","potentialAction":[{"@type":"SearchAction","target":{"@type":"EntryPoint","urlTemplate":"https:\/\/gcg-groupe.pl\/?s={search_term_string}"},"query-input":{"@type":"PropertyValueSpecification","valueRequired":true,"valueName":"search_term_string"}}],"inLanguage":"en-US"}]}},"_links":{"self":[{"href":"https:\/\/gcg-groupe.pl\/en\/wp-json\/wp\/v2\/pages\/3362","targetHints":{"allow":["GET"]}}],"collection":[{"href":"https:\/\/gcg-groupe.pl\/en\/wp-json\/wp\/v2\/pages"}],"about":[{"href":"https:\/\/gcg-groupe.pl\/en\/wp-json\/wp\/v2\/types\/page"}],"author":[{"embeddable":true,"href":"https:\/\/gcg-groupe.pl\/en\/wp-json\/wp\/v2\/users\/2"}],"replies":[{"embeddable":true,"href":"https:\/\/gcg-groupe.pl\/en\/wp-json\/wp\/v2\/comments?post=3362"}],"version-history":[{"count":8,"href":"https:\/\/gcg-groupe.pl\/en\/wp-json\/wp\/v2\/pages\/3362\/revisions"}],"predecessor-version":[{"id":3633,"href":"https:\/\/gcg-groupe.pl\/en\/wp-json\/wp\/v2\/pages\/3362\/revisions\/3633"}],"wp:attachment":[{"href":"https:\/\/gcg-groupe.pl\/en\/wp-json\/wp\/v2\/media?parent=3362"}],"curies":[{"name":"wp","href":"https:\/\/api.w.org\/{rel}","templated":true}]}}