{"id":3636,"date":"2023-03-14T12:57:55","date_gmt":"2023-03-14T11:57:55","guid":{"rendered":"https:\/\/gcg-groupe.pl\/druk\/"},"modified":"2024-05-27T11:49:47","modified_gmt":"2024-05-27T09:49:47","slug":"druk","status":"publish","type":"page","link":"https:\/\/gcg-groupe.pl\/en\/druk\/","title":{"rendered":"Print"},"content":{"rendered":"<section class=\"l-section wpb_row height_medium color_primary with_slider with_shape\"><div class=\"l-section-slider\"><div class=\"w-slider style_none fit_cover nav_none count_3\"><div class=\"w-slider-h\"><div class=\"royalSlider\"><div class=\"rsContent\"><a class=\"rsImg\" data-rsw=\"1920\" data-rsh=\"500\" href=\"https:\/\/gcg-groupe.pl\/wp-content\/uploads\/2023\/03\/Slider.jpg\"><span data-alt=\"Slider\"><\/span><\/a><\/div><div class=\"rsContent\"><a class=\"rsImg\" data-rsw=\"1920\" data-rsh=\"500\" href=\"https:\/\/gcg-groupe.pl\/wp-content\/uploads\/2023\/03\/slider1.jpg\"><span data-alt=\"slider1\"><\/span><\/a><\/div><div class=\"rsContent\"><a class=\"rsImg\" data-rsw=\"1920\" data-rsh=\"500\" href=\"https:\/\/gcg-groupe.pl\/wp-content\/uploads\/2023\/03\/Printing2.jpg\"><span data-alt=\"Printing2\"><\/span><\/a><\/div><\/div><img decoding=\"async\" src=\"https:\/\/gcg-groupe.pl\/wp-content\/uploads\/2023\/03\/Slider.jpg\" width=\"1920\" height=\"500\" alt=\"Slider\" loading=\"lazy\"><\/div><div class=\"w-slider-json\" onclick='return {&quot;autoScaleSlider&quot;:true,&quot;addActiveClass&quot;:true,&quot;loop&quot;:true,&quot;fadeInLoadedSlide&quot;:false,&quot;slidesSpacing&quot;:0,&quot;imageScalePadding&quot;:0,&quot;numImagesToPreload&quot;:2,&quot;arrowsNav&quot;:false,&quot;arrowsNavAutoHide&quot;:false,&quot;transitionType&quot;:&quot;fade&quot;,&quot;transitionSpeed&quot;:1000,&quot;block&quot;:{&quot;moveEffect&quot;:&quot;none&quot;,&quot;speed&quot;:300},&quot;thumbs&quot;:{&quot;fitInViewport&quot;:false,&quot;firstMargin&quot;:false,&quot;spacing&quot;:4},&quot;controlNavigation&quot;:&quot;none&quot;,&quot;autoplay&quot;:{&quot;enabled&quot;:true,&quot;pauseOnHover&quot;:false,&quot;delay&quot;:5000},&quot;autoScaleSliderWidth&quot;:1920,&quot;autoScaleSliderHeight&quot;:500}'><\/div><\/div><\/div><div class=\"l-section-overlay\" style=\"background:var(--color-content-overlay)\"><\/div><div class=\"l-section-shape type_triangle pos_bottom\" style=\"height:8vmin;\"><svg xmlns=\"http:\/\/www.w3.org\/2000\/svg\" viewBox=\"0 0 64 8\" preserveAspectRatio=\"none\" width=\"100%\" height=\"100%\">\r\n\t<path fill=\"currentColor\" d=\"M64 8 L0 8 L0 0 L32 7.9 L64 0 Z\"\/>\r\n<\/svg><\/div><div class=\"l-section-h i-cf\"><div class=\"g-cols vc_row via_grid cols_1 laptops-cols_inherit tablets-cols_inherit mobiles-cols_1 valign_top type_default stacking_default\"><div class=\"wpb_column vc_column_container\"><div class=\"vc_column-inner\"><div class=\"w-separator size_medium\"><\/div><h1 class=\"w-post-elm post_title align_center entry-title color_link_inherit\">Print<\/h1><div class=\"w-separator size_medium\"><\/div><\/div><\/div><\/div><\/div><\/section><section class=\"l-section wpb_row height_medium\"><div class=\"l-section-h i-cf\"><div class=\"g-cols vc_row via_grid cols_2 laptops-cols_inherit tablets-cols_inherit mobiles-cols_1 valign_middle type_default stacking_default\"><div class=\"wpb_column vc_column_container\"><div class=\"vc_column-inner\"><div class=\"w-image has_ratio align_none\"><div class=\"w-image-h\"><div style=\"padding-bottom:75%\"><\/div><img decoding=\"async\" width=\"1000\" height=\"666\" src=\"https:\/\/gcg-groupe.pl\/wp-content\/uploads\/2023\/03\/druk-offsetowy.webp\" class=\"attachment-large size-large\" alt=\"druk offsetowy\" loading=\"lazy\" \/><\/div><\/div><\/div><\/div><div class=\"wpb_column vc_column_container us_custom_c4a107f8\"><div class=\"vc_column-inner\"><div class=\"wpb_text_column us_custom_c8845a88\"><div class=\"wpb_wrapper\"><h2>Offset printing<\/h2>\n<\/div><\/div><div class=\"w-image us_custom_ed6c4d08 align_left\"><div class=\"w-image-h\"><img decoding=\"async\" width=\"205\" height=\"41\" src=\"https:\/\/gcg-groupe.pl\/wp-content\/uploads\/2023\/03\/UnderlineBrushFill90.png\" class=\"attachment-large size-large\" alt=\"UnderlineBrushFill90\" loading=\"lazy\" \/><\/div><\/div><div class=\"w-separator size_custom\" style=\"height:0.5rem\"><\/div><div class=\"wpb_text_column\"><div class=\"wpb_wrapper\"><p>We specialize in offset printing, an industrial variety of flat printing. Offset works a bit like carbon paper &#8211; one design is reflected on copies. The image is first exposed on a CTP exposing machine, then transferred to the printing substrate. Of all possible technologies, offset has the highest print resolution.<\/p>\n<\/div><\/div><\/div><\/div><\/div><\/div><\/section><section class=\"l-section wpb_row us_custom_887a049b height_medium\"><div class=\"l-section-h i-cf\"><div class=\"g-cols vc_row via_grid cols_2 laptops-cols_inherit tablets-cols_inherit mobiles-cols_1 valign_middle type_default reversed stacking_default\"><div class=\"wpb_column vc_column_container us_custom_e3862f24 type_sticky\"><div class=\"vc_column-inner\"><div class=\"wpb_text_column us_custom_c8845a88\"><div class=\"wpb_wrapper\"><h2>For offset printing, we offer:<\/h2>\n<\/div><\/div><div class=\"w-image us_custom_ed6c4d08 align_left\"><div class=\"w-image-h\"><img decoding=\"async\" width=\"205\" height=\"41\" src=\"https:\/\/gcg-groupe.pl\/wp-content\/uploads\/2023\/03\/UnderlineBrushFill90.png\" class=\"attachment-large size-large\" alt=\"UnderlineBrushFill90\" loading=\"lazy\" \/><\/div><\/div><div class=\"w-separator size_custom\" style=\"height:0.5rem\"><\/div><div class=\"wpb_text_column us_custom_be3d173b\"><div class=\"wpb_wrapper\"><ul>\n<li>\n<h6>Printing on envelopes,<\/h6>\n<\/li>\n<\/ul>\n<\/div><\/div><div class=\"wpb_text_column us_custom_be3d173b\"><div class=\"wpb_wrapper\"><ul>\n<li>\n<h6>corrugated and solid cardboard packaging,<\/h6>\n<\/li>\n<\/ul>\n<\/div><\/div><div class=\"wpb_text_column us_custom_be3d173b\"><div class=\"wpb_wrapper\"><ul>\n<li>\n<h6>flyers,<\/h6>\n<\/li>\n<\/ul>\n<\/div><\/div><div class=\"wpb_text_column us_custom_be3d173b\"><div class=\"wpb_wrapper\"><ul>\n<li>\n<h6>Production of books in softbound and hardbound binding,<\/h6>\n<\/li>\n<\/ul>\n<\/div><\/div><div class=\"wpb_text_column us_custom_be3d173b\"><div class=\"wpb_wrapper\"><ul>\n<li>\n<h6>UV varnishing,<\/h6>\n<\/li>\n<\/ul>\n<\/div><\/div><div class=\"wpb_text_column us_custom_be3d173b\"><div class=\"wpb_wrapper\"><ul>\n<li>\n<h6>advertising banners,<\/h6>\n<\/li>\n<\/ul>\n<\/div><\/div><div class=\"wpb_text_column us_custom_be3d173b\"><div class=\"wpb_wrapper\"><ul>\n<li>\n<h6>pasting film windows,<\/h6>\n<\/li>\n<\/ul>\n<\/div><\/div><div class=\"wpb_text_column us_custom_be3d173b\"><div class=\"wpb_wrapper\"><ul>\n<li>\n<h6>letterhead,<\/h6>\n<\/li>\n<\/ul>\n<\/div><\/div><div class=\"wpb_text_column us_custom_be3d173b\"><div class=\"wpb_wrapper\"><ul>\n<li>\n<h6>and many other possibilities.<\/h6>\n<\/li>\n<\/ul>\n<\/div><\/div><\/div><\/div><div class=\"wpb_column vc_column_container\"><div class=\"vc_column-inner\"><div class=\"w-image has_ratio align_none\"><div class=\"w-image-h\"><div style=\"padding-bottom:75%\"><\/div><img decoding=\"async\" width=\"1024\" height=\"539\" src=\"https:\/\/gcg-groupe.pl\/wp-content\/uploads\/2023\/03\/druk-offsetowy-czy-cyfrowy-ktory-wybrac-1024x539.jpg\" class=\"attachment-large size-large\" alt=\"druk offsetowy czy cyfrowy ktory wybrac\" loading=\"lazy\" \/><\/div><\/div><\/div><\/div><\/div><\/div><\/section>\n","protected":false},"excerpt":{"rendered":"PrintOffset printing We specialize in offset printing, an industrial variety of flat printing. Offset works a bit like carbon paper &#8211; one design is reflected on copies. The image is first exposed on a CTP exposing machine, then transferred to the printing substrate. Of all possible technologies, offset has the highest print resolution. For offset...","protected":false},"author":2,"featured_media":0,"parent":0,"menu_order":0,"comment_status":"closed","ping_status":"closed","template":"","meta":{"footnotes":""},"class_list":["post-3636","page","type-page","status-publish","hentry"],"yoast_head":"<!-- This site is optimized with the Yoast SEO plugin v26.2 - https:\/\/yoast.com\/wordpress\/plugins\/seo\/ -->\n<title>Druk offsetowy ulotki, koperty, papier firmowy, banery reklamowe - GCG Groupe<\/title>\n<meta name=\"description\" content=\"W ramach us\u0142ugi druku offsetowego oferujemy m.in. nadruk na kopertach i papierze firmowym, opakowania z tektury falistej i litej, druk ulotek, banery reklamowe, lakierowanie UV czy produkcj\u0119 ksi\u0105\u017cek w oprawie klejonej mi\u0119kkiej i twardej. Polecamy!\" \/>\n<meta name=\"robots\" content=\"index, follow, max-snippet:-1, max-image-preview:large, max-video-preview:-1\" \/>\n<link rel=\"canonical\" href=\"https:\/\/gcg-groupe.pl\/en\/druk\/\" \/>\n<meta property=\"og:locale\" content=\"en_US\" \/>\n<meta property=\"og:type\" content=\"article\" \/>\n<meta property=\"og:title\" content=\"Druk offsetowy ulotki, koperty, papier firmowy, banery reklamowe - GCG Groupe\" \/>\n<meta property=\"og:description\" content=\"W ramach us\u0142ugi druku offsetowego oferujemy m.in. nadruk na kopertach i papierze firmowym, opakowania z tektury falistej i litej, druk ulotek, banery reklamowe, lakierowanie UV czy produkcj\u0119 ksi\u0105\u017cek w oprawie klejonej mi\u0119kkiej i twardej. Polecamy!\" \/>\n<meta property=\"og:url\" content=\"https:\/\/gcg-groupe.pl\/en\/druk\/\" \/>\n<meta property=\"og:site_name\" content=\"GCG Groupe\" \/>\n<meta property=\"article:modified_time\" content=\"2024-05-27T09:49:47+00:00\" \/>\n<meta name=\"twitter:card\" content=\"summary_large_image\" \/>\n<meta name=\"twitter:label1\" content=\"Est. reading time\" \/>\n\t<meta name=\"twitter:data1\" content=\"1 minute\" \/>\n<script type=\"application\/ld+json\" class=\"yoast-schema-graph\">{\"@context\":\"https:\/\/schema.org\",\"@graph\":[{\"@type\":\"WebPage\",\"@id\":\"https:\/\/gcg-groupe.pl\/en\/druk\/\",\"url\":\"https:\/\/gcg-groupe.pl\/en\/druk\/\",\"name\":\"Druk offsetowy ulotki, koperty, papier firmowy, banery reklamowe - GCG Groupe\",\"isPartOf\":{\"@id\":\"https:\/\/gcg-groupe.pl\/#website\"},\"datePublished\":\"2023-03-14T11:57:55+00:00\",\"dateModified\":\"2024-05-27T09:49:47+00:00\",\"description\":\"W ramach us\u0142ugi druku offsetowego oferujemy m.in. nadruk na kopertach i papierze firmowym, opakowania z tektury falistej i litej, druk ulotek, banery reklamowe, lakierowanie UV czy produkcj\u0119 ksi\u0105\u017cek w oprawie klejonej mi\u0119kkiej i twardej. Polecamy!\",\"breadcrumb\":{\"@id\":\"https:\/\/gcg-groupe.pl\/en\/druk\/#breadcrumb\"},\"inLanguage\":\"en-US\",\"potentialAction\":[{\"@type\":\"ReadAction\",\"target\":[\"https:\/\/gcg-groupe.pl\/en\/druk\/\"]}]},{\"@type\":\"BreadcrumbList\",\"@id\":\"https:\/\/gcg-groupe.pl\/en\/druk\/#breadcrumb\",\"itemListElement\":[{\"@type\":\"ListItem\",\"position\":1,\"name\":\"Strona g\u0142\u00f3wna\",\"item\":\"https:\/\/gcg-groupe.pl\/en\/\"},{\"@type\":\"ListItem\",\"position\":2,\"name\":\"Print\"}]},{\"@type\":\"WebSite\",\"@id\":\"https:\/\/gcg-groupe.pl\/#website\",\"url\":\"https:\/\/gcg-groupe.pl\/\",\"name\":\"GCG Groupe\",\"description\":\"Producent opakowa\u0144 logistycznych\",\"potentialAction\":[{\"@type\":\"SearchAction\",\"target\":{\"@type\":\"EntryPoint\",\"urlTemplate\":\"https:\/\/gcg-groupe.pl\/?s={search_term_string}\"},\"query-input\":{\"@type\":\"PropertyValueSpecification\",\"valueRequired\":true,\"valueName\":\"search_term_string\"}}],\"inLanguage\":\"en-US\"}]}<\/script>\n<!-- \/ Yoast SEO plugin. -->","yoast_head_json":{"title":"Druk offsetowy ulotki, koperty, papier firmowy, banery reklamowe - GCG Groupe","description":"W ramach us\u0142ugi druku offsetowego oferujemy m.in. nadruk na kopertach i papierze firmowym, opakowania z tektury falistej i litej, druk ulotek, banery reklamowe, lakierowanie UV czy produkcj\u0119 ksi\u0105\u017cek w oprawie klejonej mi\u0119kkiej i twardej. Polecamy!","robots":{"index":"index","follow":"follow","max-snippet":"max-snippet:-1","max-image-preview":"max-image-preview:large","max-video-preview":"max-video-preview:-1"},"canonical":"https:\/\/gcg-groupe.pl\/en\/druk\/","og_locale":"en_US","og_type":"article","og_title":"Druk offsetowy ulotki, koperty, papier firmowy, banery reklamowe - GCG Groupe","og_description":"W ramach us\u0142ugi druku offsetowego oferujemy m.in. nadruk na kopertach i papierze firmowym, opakowania z tektury falistej i litej, druk ulotek, banery reklamowe, lakierowanie UV czy produkcj\u0119 ksi\u0105\u017cek w oprawie klejonej mi\u0119kkiej i twardej. Polecamy!","og_url":"https:\/\/gcg-groupe.pl\/en\/druk\/","og_site_name":"GCG Groupe","article_modified_time":"2024-05-27T09:49:47+00:00","twitter_card":"summary_large_image","twitter_misc":{"Est. reading time":"1 minute"},"schema":{"@context":"https:\/\/schema.org","@graph":[{"@type":"WebPage","@id":"https:\/\/gcg-groupe.pl\/en\/druk\/","url":"https:\/\/gcg-groupe.pl\/en\/druk\/","name":"Druk offsetowy ulotki, koperty, papier firmowy, banery reklamowe - GCG Groupe","isPartOf":{"@id":"https:\/\/gcg-groupe.pl\/#website"},"datePublished":"2023-03-14T11:57:55+00:00","dateModified":"2024-05-27T09:49:47+00:00","description":"W ramach us\u0142ugi druku offsetowego oferujemy m.in. nadruk na kopertach i papierze firmowym, opakowania z tektury falistej i litej, druk ulotek, banery reklamowe, lakierowanie UV czy produkcj\u0119 ksi\u0105\u017cek w oprawie klejonej mi\u0119kkiej i twardej. Polecamy!","breadcrumb":{"@id":"https:\/\/gcg-groupe.pl\/en\/druk\/#breadcrumb"},"inLanguage":"en-US","potentialAction":[{"@type":"ReadAction","target":["https:\/\/gcg-groupe.pl\/en\/druk\/"]}]},{"@type":"BreadcrumbList","@id":"https:\/\/gcg-groupe.pl\/en\/druk\/#breadcrumb","itemListElement":[{"@type":"ListItem","position":1,"name":"Strona g\u0142\u00f3wna","item":"https:\/\/gcg-groupe.pl\/en\/"},{"@type":"ListItem","position":2,"name":"Print"}]},{"@type":"WebSite","@id":"https:\/\/gcg-groupe.pl\/#website","url":"https:\/\/gcg-groupe.pl\/","name":"GCG Groupe","description":"Producent opakowa\u0144 logistycznych","potentialAction":[{"@type":"SearchAction","target":{"@type":"EntryPoint","urlTemplate":"https:\/\/gcg-groupe.pl\/?s={search_term_string}"},"query-input":{"@type":"PropertyValueSpecification","valueRequired":true,"valueName":"search_term_string"}}],"inLanguage":"en-US"}]}},"_links":{"self":[{"href":"https:\/\/gcg-groupe.pl\/en\/wp-json\/wp\/v2\/pages\/3636","targetHints":{"allow":["GET"]}}],"collection":[{"href":"https:\/\/gcg-groupe.pl\/en\/wp-json\/wp\/v2\/pages"}],"about":[{"href":"https:\/\/gcg-groupe.pl\/en\/wp-json\/wp\/v2\/types\/page"}],"author":[{"embeddable":true,"href":"https:\/\/gcg-groupe.pl\/en\/wp-json\/wp\/v2\/users\/2"}],"replies":[{"embeddable":true,"href":"https:\/\/gcg-groupe.pl\/en\/wp-json\/wp\/v2\/comments?post=3636"}],"version-history":[{"count":3,"href":"https:\/\/gcg-groupe.pl\/en\/wp-json\/wp\/v2\/pages\/3636\/revisions"}],"predecessor-version":[{"id":3639,"href":"https:\/\/gcg-groupe.pl\/en\/wp-json\/wp\/v2\/pages\/3636\/revisions\/3639"}],"wp:attachment":[{"href":"https:\/\/gcg-groupe.pl\/en\/wp-json\/wp\/v2\/media?parent=3636"}],"curies":[{"name":"wp","href":"https:\/\/api.w.org\/{rel}","templated":true}]}}