{"id":3290,"date":"2023-11-17T14:12:20","date_gmt":"2023-11-17T13:12:20","guid":{"rendered":"https:\/\/gcg-groupe.pl\/?post_type=product&#038;p=3290"},"modified":"2025-11-03T11:52:19","modified_gmt":"2025-11-03T10:52:19","slug":"etykiety-termiczne-na-rolce","status":"publish","type":"product","link":"https:\/\/gcg-groupe.pl\/en\/produkt\/etykiety-termiczne-na-rolce\/","title":{"rendered":"Etykiety termiczne"},"content":{"rendered":"<div class=\"mpof_ki myre_zn myre_8v_l m389_6m_l\">\n<div class=\"mp4t_16_s mryx_16_s mr3m_1 mli2_1 mh85_56 mh85_0_l\">\n<div class=\"mgn2_16 _0d3bd_am0a-\">\n<h2>Etykiety termiczne<\/h2>\n<\/div>\n<\/div>\n<\/div>\n<div class=\"mpof_ki myre_zn myre_8v_l m389_6m_l\">\n<div class=\"mp4t_16_s mryx_16_s mr3m_1 mli2_1 mh85_56 mh85_0_l\">\n<p>&nbsp;<\/p>\n<p>Pasuj\u0105 do wi\u0119kszo\u015bci drukarek etykiet (np: Citizen, Sato, Zebra, Bixolon, Datamax i innych).<\/p>\n<p>Bardzo dobrze przylegaj\u0105 do powierzchni.<\/p>\n<p>Etykiety samoprzylepne na roli bez nadruku daj\u0105 mo\u017cliwo\u015b\u0107 klientowi, aby samodzielnie nadrukowa\u0142 tre\u015b\u0107, kt\u00f3ra ma by\u0107 umieszczana na etykietach.<\/p>\n<p>Wysokiej jako\u015bci\u00a0papier umo\u017cliwia dobrej jako\u015bci\u00a0wydruk i bezawaryjn\u0105 prac\u0119 drukarki.<\/p>\n<div class=\"mgn2_16 _0d3bd_am0a-\">\n<p>Mocny klej &#8211; hot-melt<\/p>\n<p>Sprawdza si\u0119 na typowych powierzchniach typu karton czy folia<\/p>\n<h3><strong>Zastosowanie:<\/strong><\/h3>\n<p>w logistyce,<\/p>\n<p>na magazynie,<\/p>\n<p>w dziale konfekcji czy wysy\u0142ki<\/p>\n<\/div>\n<\/div>\n<\/div>\n","protected":false},"excerpt":{"rendered":"<p>Etykiety termiczne &nbsp; Pasuj\u0105 do wi\u0119kszo\u015bci drukarek etykiet (np: Citizen, Sato, Zebra, Bixolon, Datamax i innych). Bardzo dobrze przylegaj\u0105 do powierzchni. Etykiety samoprzylepne na roli bez nadruku daj\u0105 mo\u017cliwo\u015b\u0107 klientowi, aby samodzielnie nadrukowa\u0142 tre\u015b\u0107, kt\u00f3ra ma by\u0107 umieszczana na etykietach. Wysokiej jako\u015bci\u00a0papier umo\u017cliwia dobrej jako\u015bci\u00a0wydruk i bezawaryjn\u0105 prac\u0119 drukarki. Mocny klej &#8211; hot-melt Sprawdza si\u0119&#8230;<\/p>\n","protected":false},"featured_media":3291,"comment_status":"open","ping_status":"closed","template":"","meta":[],"product_brand":[],"product_cat":[136],"product_tag":[],"class_list":{"0":"post-3290","1":"product","2":"type-product","3":"status-publish","4":"has-post-thumbnail","6":"product_cat-etykiety","8":"first","9":"instock","10":"taxable","11":"shipping-taxable","12":"purchasable","13":"product-type-variable"},"yoast_head":"<!-- This site is optimized with the Yoast SEO plugin v26.2 - https:\/\/yoast.com\/wordpress\/plugins\/seo\/ -->\n<title>Etykiety termiczne na rolce 100x150 - GCG Groupe<\/title>\n<meta name=\"robots\" content=\"index, follow, max-snippet:-1, max-image-preview:large, max-video-preview:-1\" \/>\n<link rel=\"canonical\" href=\"https:\/\/gcg-groupe.pl\/produkt\/etykiety-termiczne-na-rolce\/\" \/>\n<meta property=\"og:locale\" content=\"en_US\" \/>\n<meta property=\"og:type\" content=\"article\" \/>\n<meta property=\"og:title\" content=\"Etykiety termiczne na rolce 100x150 - GCG Groupe\" \/>\n<meta property=\"og:description\" content=\"Etykiety termiczne &nbsp; Pasuj\u0105 do wi\u0119kszo\u015bci drukarek etykiet (np: Citizen, Sato, Zebra, Bixolon, Datamax i innych). Bardzo dobrze przylegaj\u0105 do powierzchni. Etykiety samoprzylepne na roli bez nadruku daj\u0105 mo\u017cliwo\u015b\u0107 klientowi, aby samodzielnie nadrukowa\u0142 tre\u015b\u0107, kt\u00f3ra ma by\u0107 umieszczana na etykietach. Wysokiej jako\u015bci\u00a0papier umo\u017cliwia dobrej jako\u015bci\u00a0wydruk i bezawaryjn\u0105 prac\u0119 drukarki. Mocny klej &#8211; hot-melt Sprawdza si\u0119...\" \/>\n<meta property=\"og:url\" content=\"https:\/\/gcg-groupe.pl\/produkt\/etykiety-termiczne-na-rolce\/\" \/>\n<meta property=\"og:site_name\" content=\"GCG Groupe\" \/>\n<meta property=\"article:modified_time\" content=\"2025-11-03T10:52:19+00:00\" \/>\n<meta property=\"og:image\" content=\"https:\/\/gcg-groupe.pl\/wp-content\/uploads\/2023\/11\/ROLKA.jpg\" \/>\n\t<meta property=\"og:image:width\" content=\"1500\" \/>\n\t<meta property=\"og:image:height\" content=\"1500\" \/>\n\t<meta property=\"og:image:type\" content=\"image\/jpeg\" \/>\n<meta name=\"twitter:card\" content=\"summary_large_image\" \/>\n<meta name=\"twitter:label1\" content=\"Est. reading time\" \/>\n\t<meta name=\"twitter:data1\" content=\"1 minute\" \/>\n<script type=\"application\/ld+json\" class=\"yoast-schema-graph\">{\"@context\":\"https:\/\/schema.org\",\"@graph\":[{\"@type\":\"WebPage\",\"@id\":\"https:\/\/gcg-groupe.pl\/produkt\/etykiety-termiczne-na-rolce\/\",\"url\":\"https:\/\/gcg-groupe.pl\/produkt\/etykiety-termiczne-na-rolce\/\",\"name\":\"Etykiety termiczne na rolce 100x150 - GCG Groupe\",\"isPartOf\":{\"@id\":\"https:\/\/gcg-groupe.pl\/#website\"},\"primaryImageOfPage\":{\"@id\":\"https:\/\/gcg-groupe.pl\/produkt\/etykiety-termiczne-na-rolce\/#primaryimage\"},\"image\":{\"@id\":\"https:\/\/gcg-groupe.pl\/produkt\/etykiety-termiczne-na-rolce\/#primaryimage\"},\"thumbnailUrl\":\"https:\/\/gcg-groupe.pl\/wp-content\/uploads\/2023\/11\/ROLKA.jpg\",\"datePublished\":\"2023-11-17T13:12:20+00:00\",\"dateModified\":\"2025-11-03T10:52:19+00:00\",\"breadcrumb\":{\"@id\":\"https:\/\/gcg-groupe.pl\/produkt\/etykiety-termiczne-na-rolce\/#breadcrumb\"},\"inLanguage\":\"en-US\",\"potentialAction\":[{\"@type\":\"ReadAction\",\"target\":[\"https:\/\/gcg-groupe.pl\/produkt\/etykiety-termiczne-na-rolce\/\"]}]},{\"@type\":\"ImageObject\",\"inLanguage\":\"en-US\",\"@id\":\"https:\/\/gcg-groupe.pl\/produkt\/etykiety-termiczne-na-rolce\/#primaryimage\",\"url\":\"https:\/\/gcg-groupe.pl\/wp-content\/uploads\/2023\/11\/ROLKA.jpg\",\"contentUrl\":\"https:\/\/gcg-groupe.pl\/wp-content\/uploads\/2023\/11\/ROLKA.jpg\",\"width\":1500,\"height\":1500,\"caption\":\"ROLKA\"},{\"@type\":\"BreadcrumbList\",\"@id\":\"https:\/\/gcg-groupe.pl\/produkt\/etykiety-termiczne-na-rolce\/#breadcrumb\",\"itemListElement\":[{\"@type\":\"ListItem\",\"position\":1,\"name\":\"Strona g\u0142\u00f3wna\",\"item\":\"https:\/\/gcg-groupe.pl\/en\/\"},{\"@type\":\"ListItem\",\"position\":2,\"name\":\"Oferta\",\"item\":\"https:\/\/gcg-groupe.pl\/oferta\/\"},{\"@type\":\"ListItem\",\"position\":3,\"name\":\"Etykiety termiczne\"}]},{\"@type\":\"WebSite\",\"@id\":\"https:\/\/gcg-groupe.pl\/#website\",\"url\":\"https:\/\/gcg-groupe.pl\/\",\"name\":\"GCG Groupe\",\"description\":\"Producent opakowa\u0144 logistycznych\",\"potentialAction\":[{\"@type\":\"SearchAction\",\"target\":{\"@type\":\"EntryPoint\",\"urlTemplate\":\"https:\/\/gcg-groupe.pl\/?s={search_term_string}\"},\"query-input\":{\"@type\":\"PropertyValueSpecification\",\"valueRequired\":true,\"valueName\":\"search_term_string\"}}],\"inLanguage\":\"en-US\"}]}<\/script>\n<!-- \/ Yoast SEO plugin. -->","yoast_head_json":{"title":"Etykiety termiczne na rolce 100x150 - GCG Groupe","robots":{"index":"index","follow":"follow","max-snippet":"max-snippet:-1","max-image-preview":"max-image-preview:large","max-video-preview":"max-video-preview:-1"},"canonical":"https:\/\/gcg-groupe.pl\/produkt\/etykiety-termiczne-na-rolce\/","og_locale":"en_US","og_type":"article","og_title":"Etykiety termiczne na rolce 100x150 - GCG Groupe","og_description":"Etykiety termiczne &nbsp; Pasuj\u0105 do wi\u0119kszo\u015bci drukarek etykiet (np: Citizen, Sato, Zebra, Bixolon, Datamax i innych). Bardzo dobrze przylegaj\u0105 do powierzchni. Etykiety samoprzylepne na roli bez nadruku daj\u0105 mo\u017cliwo\u015b\u0107 klientowi, aby samodzielnie nadrukowa\u0142 tre\u015b\u0107, kt\u00f3ra ma by\u0107 umieszczana na etykietach. Wysokiej jako\u015bci\u00a0papier umo\u017cliwia dobrej jako\u015bci\u00a0wydruk i bezawaryjn\u0105 prac\u0119 drukarki. Mocny klej &#8211; hot-melt Sprawdza si\u0119...","og_url":"https:\/\/gcg-groupe.pl\/produkt\/etykiety-termiczne-na-rolce\/","og_site_name":"GCG Groupe","article_modified_time":"2025-11-03T10:52:19+00:00","og_image":[{"width":1500,"height":1500,"url":"https:\/\/gcg-groupe.pl\/wp-content\/uploads\/2023\/11\/ROLKA.jpg","type":"image\/jpeg"}],"twitter_card":"summary_large_image","twitter_misc":{"Est. reading time":"1 minute"},"schema":{"@context":"https:\/\/schema.org","@graph":[{"@type":"WebPage","@id":"https:\/\/gcg-groupe.pl\/produkt\/etykiety-termiczne-na-rolce\/","url":"https:\/\/gcg-groupe.pl\/produkt\/etykiety-termiczne-na-rolce\/","name":"Etykiety termiczne na rolce 100x150 - GCG Groupe","isPartOf":{"@id":"https:\/\/gcg-groupe.pl\/#website"},"primaryImageOfPage":{"@id":"https:\/\/gcg-groupe.pl\/produkt\/etykiety-termiczne-na-rolce\/#primaryimage"},"image":{"@id":"https:\/\/gcg-groupe.pl\/produkt\/etykiety-termiczne-na-rolce\/#primaryimage"},"thumbnailUrl":"https:\/\/gcg-groupe.pl\/wp-content\/uploads\/2023\/11\/ROLKA.jpg","datePublished":"2023-11-17T13:12:20+00:00","dateModified":"2025-11-03T10:52:19+00:00","breadcrumb":{"@id":"https:\/\/gcg-groupe.pl\/produkt\/etykiety-termiczne-na-rolce\/#breadcrumb"},"inLanguage":"en-US","potentialAction":[{"@type":"ReadAction","target":["https:\/\/gcg-groupe.pl\/produkt\/etykiety-termiczne-na-rolce\/"]}]},{"@type":"ImageObject","inLanguage":"en-US","@id":"https:\/\/gcg-groupe.pl\/produkt\/etykiety-termiczne-na-rolce\/#primaryimage","url":"https:\/\/gcg-groupe.pl\/wp-content\/uploads\/2023\/11\/ROLKA.jpg","contentUrl":"https:\/\/gcg-groupe.pl\/wp-content\/uploads\/2023\/11\/ROLKA.jpg","width":1500,"height":1500,"caption":"ROLKA"},{"@type":"BreadcrumbList","@id":"https:\/\/gcg-groupe.pl\/produkt\/etykiety-termiczne-na-rolce\/#breadcrumb","itemListElement":[{"@type":"ListItem","position":1,"name":"Strona g\u0142\u00f3wna","item":"https:\/\/gcg-groupe.pl\/en\/"},{"@type":"ListItem","position":2,"name":"Oferta","item":"https:\/\/gcg-groupe.pl\/oferta\/"},{"@type":"ListItem","position":3,"name":"Etykiety termiczne"}]},{"@type":"WebSite","@id":"https:\/\/gcg-groupe.pl\/#website","url":"https:\/\/gcg-groupe.pl\/","name":"GCG Groupe","description":"Producent opakowa\u0144 logistycznych","potentialAction":[{"@type":"SearchAction","target":{"@type":"EntryPoint","urlTemplate":"https:\/\/gcg-groupe.pl\/?s={search_term_string}"},"query-input":{"@type":"PropertyValueSpecification","valueRequired":true,"valueName":"search_term_string"}}],"inLanguage":"en-US"}]}},"_links":{"self":[{"href":"https:\/\/gcg-groupe.pl\/en\/wp-json\/wp\/v2\/product\/3290","targetHints":{"allow":["GET"]}}],"collection":[{"href":"https:\/\/gcg-groupe.pl\/en\/wp-json\/wp\/v2\/product"}],"about":[{"href":"https:\/\/gcg-groupe.pl\/en\/wp-json\/wp\/v2\/types\/product"}],"replies":[{"embeddable":true,"href":"https:\/\/gcg-groupe.pl\/en\/wp-json\/wp\/v2\/comments?post=3290"}],"wp:featuredmedia":[{"embeddable":true,"href":"https:\/\/gcg-groupe.pl\/en\/wp-json\/wp\/v2\/media\/3291"}],"wp:attachment":[{"href":"https:\/\/gcg-groupe.pl\/en\/wp-json\/wp\/v2\/media?parent=3290"}],"wp:term":[{"taxonomy":"product_brand","embeddable":true,"href":"https:\/\/gcg-groupe.pl\/en\/wp-json\/wp\/v2\/product_brand?post=3290"},{"taxonomy":"product_cat","embeddable":true,"href":"https:\/\/gcg-groupe.pl\/en\/wp-json\/wp\/v2\/product_cat?post=3290"},{"taxonomy":"product_tag","embeddable":true,"href":"https:\/\/gcg-groupe.pl\/en\/wp-json\/wp\/v2\/product_tag?post=3290"}],"curies":[{"name":"wp","href":"https:\/\/api.w.org\/{rel}","templated":true}]}}